{"id":139,"date":"2023-09-22T12:00:48","date_gmt":"2023-09-22T10:00:48","guid":{"rendered":"https:\/\/portal.kre.hu\/dndipvac2024\/?page_id=139"},"modified":"2024-03-26T10:51:07","modified_gmt":"2024-03-26T09:51:07","slug":"organizers","status":"publish","type":"page","link":"https:\/\/portal.kre.hu\/dndipvac2024\/index.php\/organizers\/","title":{"rendered":"Organizers"},"content":{"rendered":"\n<h2 class=\"wp-block-heading\">Organizers<\/h2>\n\n\n\n<p><strong>Programme Committee:<\/strong><\/p>\n\n\n\n<p>Marisa Brook, University of Toronto, Canada <\/p>\n\n\n\n<p>Chlo\u00e9 Diskin-Holdaway, The University of Melbourne, Australia<\/p>\n\n\n\n<p>Mirjam Eiswirth, University of Duisburg Essen, Germany <\/p>\n\n\n\n<p>Manfred Stede, Universit\u00e4t Potsdam, Germany<\/p>\n\n\n\n<p>P\u00e9ter Furk\u00f3, K\u00e1roli G\u00e1sp\u00e1r University of the Reformed Church in Hungary<\/p>\n\n\n\n<p>Csilla D\u00e9r, K\u00e1roli G\u00e1sp\u00e1r University of the Reformed Church in Hungary<\/p>\n\n\n\n<p>Joseph Kern, University of Virginia&#8217;s College at Wise, USA <\/p>\n\n\n\n<p>Yael Maschler, University of Haifa, Israel <\/p>\n\n\n\n<p>Celeste Rodriguez Louro, The University of Western Australia <\/p>\n\n\n\n<p>Jaspal Singh, The Open University, United Kingdom<\/p>\n\n\n\n<p>Jan Krasni, University of Tyumen, Russia<\/p>\n\n\n\n<p><\/p>\n\n\n\n<p><\/p>\n\n\n\n<p><\/p>\n\n\n\n<p><strong>Local Organizers:<\/strong><\/p>\n\n\n\n<p>P\u00e9ter Furk\u00f3<br>Csilla D\u00e9r<br>N\u00f3ra Csontos<br>Be\u00e1ta Kiltz<br>M\u00f3nika Pagony<br>Vir\u00e1g Zombory<br><\/p>\n","protected":false},"excerpt":{"rendered":"<p>Organizers Programme Committee: Marisa Brook, University of Toronto, Canada Chlo\u00e9 Diskin-Holdaway, The University of Melbourne, Australia Mirjam Eiswirth, University of Duisburg Essen, Germany Manfred Stede, Universit\u00e4t Potsdam, Germany P\u00e9ter Furk\u00f3, K\u00e1roli G\u00e1sp\u00e1r University of the Reformed Church in Hungary Csilla D\u00e9r, K\u00e1roli G\u00e1sp\u00e1r University of the Reformed Church in Hungary Joseph Kern, University of Virginia&#8217;s [&hellip;]<\/p>\n","protected":false},"author":1,"featured_media":0,"parent":0,"menu_order":0,"comment_status":"closed","ping_status":"closed","template":"","meta":{"footnotes":""},"class_list":["post-139","page","type-page","status-publish","hentry"],"_links":{"self":[{"href":"https:\/\/portal.kre.hu\/dndipvac2024\/index.php\/wp-json\/wp\/v2\/pages\/139","targetHints":{"allow":["GET"]}}],"collection":[{"href":"https:\/\/portal.kre.hu\/dndipvac2024\/index.php\/wp-json\/wp\/v2\/pages"}],"about":[{"href":"https:\/\/portal.kre.hu\/dndipvac2024\/index.php\/wp-json\/wp\/v2\/types\/page"}],"author":[{"embeddable":true,"href":"https:\/\/portal.kre.hu\/dndipvac2024\/index.php\/wp-json\/wp\/v2\/users\/1"}],"replies":[{"embeddable":true,"href":"https:\/\/portal.kre.hu\/dndipvac2024\/index.php\/wp-json\/wp\/v2\/comments?post=139"}],"version-history":[{"count":15,"href":"https:\/\/portal.kre.hu\/dndipvac2024\/index.php\/wp-json\/wp\/v2\/pages\/139\/revisions"}],"predecessor-version":[{"id":313,"href":"https:\/\/portal.kre.hu\/dndipvac2024\/index.php\/wp-json\/wp\/v2\/pages\/139\/revisions\/313"}],"wp:attachment":[{"href":"https:\/\/portal.kre.hu\/dndipvac2024\/index.php\/wp-json\/wp\/v2\/media?parent=139"}],"curies":[{"name":"wp","href":"https:\/\/api.w.org\/{rel}","templated":true}]}}