{"id":2,"date":"2023-08-24T11:34:10","date_gmt":"2023-08-24T09:34:10","guid":{"rendered":"https:\/\/portal.kre.hu\/dndipvac2024\/?page_id=2"},"modified":"2023-09-22T10:15:01","modified_gmt":"2023-09-22T08:15:01","slug":"ez-egy-minta-oldal","status":"publish","type":"page","link":"https:\/\/portal.kre.hu\/dndipvac2024\/","title":{"rendered":"Home"},"content":{"rendered":"\n<h2 class=\"wp-block-heading has-text-align-center\"><strong>Changing Discourses \u2013 Aspects of Linguistic, Social and Discourse Variation<\/strong><\/h2>\n\n\n\n<h3 class=\"wp-block-heading has-text-align-center\"><strong>International Conference Organized by K\u00e1roli G\u00e1sp\u00e1r University<\/strong><\/h3>\n\n\n\n<h3 class=\"wp-block-heading has-text-align-center\"><strong>in Cooperation with DiscourseNet and DiPVaC Research Network<\/strong><\/h3>\n\n\n\n<p class=\"has-text-align-center\"><strong>Budapest, 12-14 June, 2024<\/strong><\/p>\n\n\n\n<figure class=\"wp-block-image size-large\"><img loading=\"lazy\" decoding=\"async\" width=\"1002\" height=\"1024\" src=\"https:\/\/portal.kre.hu\/dndipvac2024\/wp-content\/uploads\/2023\/09\/Image21-1002x1024.jpg\" alt=\"\" class=\"wp-image-33\" style=\"aspect-ratio:16\/9;object-fit:cover\" srcset=\"https:\/\/portal.kre.hu\/dndipvac2024\/wp-content\/uploads\/2023\/09\/Image21-1002x1024.jpg 1002w, https:\/\/portal.kre.hu\/dndipvac2024\/wp-content\/uploads\/2023\/09\/Image21-294x300.jpg 294w, https:\/\/portal.kre.hu\/dndipvac2024\/wp-content\/uploads\/2023\/09\/Image21-768x785.jpg 768w, https:\/\/portal.kre.hu\/dndipvac2024\/wp-content\/uploads\/2023\/09\/Image21.jpg 1024w\" sizes=\"auto, (max-width: 1002px) 100vw, 1002px\" \/><\/figure>\n\n\n\n<h3 class=\"wp-block-heading\">ORGANIZERS<\/h3>\n\n\n<div class=\"wp-block-image\">\n<figure class=\"alignleft size-large is-resized\"><img decoding=\"async\" src=\"https:\/\/portal.kre.hu\/dndipvac2024\/wp-content\/uploads\/2023\/09\/cimer_1-854x1024.png\" alt=\"\" class=\"wp-image-49\" style=\"width:100px\" width=\"100\" srcset=\"https:\/\/portal.kre.hu\/dndipvac2024\/wp-content\/uploads\/2023\/09\/cimer_1-854x1024.png 854w, https:\/\/portal.kre.hu\/dndipvac2024\/wp-content\/uploads\/2023\/09\/cimer_1-250x300.png 250w, https:\/\/portal.kre.hu\/dndipvac2024\/wp-content\/uploads\/2023\/09\/cimer_1-768x920.png 768w, https:\/\/portal.kre.hu\/dndipvac2024\/wp-content\/uploads\/2023\/09\/cimer_1-1282x1536.png 1282w, https:\/\/portal.kre.hu\/dndipvac2024\/wp-content\/uploads\/2023\/09\/cimer_1-1709x2048.png 1709w\" sizes=\"(max-width: 854px) 100vw, 854px\" \/><\/figure>\n<\/div>\n\n\n<p><strong>K\u00c1ROLI G\u00c1SP\u00c1R UNIVERSITY OF THE REFORMED CHURCH IN HUNGARY<\/strong><br><a href=\"https:\/\/english.kre.hu\">https:\/\/english.kre.hu<\/a><br>K\u00e1roli G\u00e1sp\u00e1r University is a higher education institution of the Reformed Church in Hungary. The University is committed to the values of Christianity and builds upon the heritage of the Reformed Church to instruct, educate, and to support academic research.<\/p>\n\n\n\n<div style=\"height:35px\" aria-hidden=\"true\" class=\"wp-block-spacer\"><\/div>\n\n\n<div class=\"wp-block-image\">\n<figure class=\"alignleft size-full is-resized\"><img loading=\"lazy\" decoding=\"async\" src=\"https:\/\/portal.kre.hu\/dndipvac2024\/wp-content\/uploads\/2023\/09\/dipvac.png\" alt=\"\" class=\"wp-image-86\" style=\"width:176px;height:79px\" width=\"176\" height=\"79\"\/><\/figure>\n<\/div>\n\n\n<p><strong>DISCOURSE-PRAGMATIC VARIATION &amp; CHANGE (DiPVaC)<\/strong><br><a href=\"http:\/\/www.dipvac.org\/\">http:\/\/www.dipvac.org\/<\/a><br>Discourse-Pragmatic Variation &amp; Change (DiPVaC) is a research network for scholars investigating variation and change in what are broadly termed \u2018discourse-pragmatic features\u2019.<\/p>\n\n\n\n<div style=\"height:35px\" aria-hidden=\"true\" class=\"wp-block-spacer\"><\/div>\n\n\n<div class=\"wp-block-image\">\n<figure class=\"alignleft size-full is-resized\"><img loading=\"lazy\" decoding=\"async\" src=\"https:\/\/portal.kre.hu\/dndipvac2024\/wp-content\/uploads\/2023\/09\/dn.png\" alt=\"\" class=\"wp-image-88\" style=\"width:81px;height:44px\" width=\"81\" height=\"44\"\/><\/figure>\n<\/div>\n\n\n<p><strong>DISCOURSENET (abbrev. DN)<\/strong><br><a href=\"https:\/\/discourseanalysis.net\/\">https:\/\/discourseanalysis.net\/<\/a><br>DiscourseNet is a community of researchers in Discourse Studies, broadly understood as a field studying social practices of meaning production in the entanglements of verbal and\/or non-verbal communication.<\/p>\n","protected":false},"excerpt":{"rendered":"<p>Changing Discourses \u2013 Aspects of Linguistic, Social and Discourse Variation International Conference Organized by K\u00e1roli G\u00e1sp\u00e1r University in Cooperation with DiscourseNet and DiPVaC Research Network Budapest, 12-14 June, 2024 ORGANIZERS K\u00c1ROLI G\u00c1SP\u00c1R UNIVERSITY OF THE REFORMED CHURCH IN HUNGARYhttps:\/\/english.kre.huK\u00e1roli G\u00e1sp\u00e1r University is a higher education institution of the Reformed Church in Hungary. The University is [&hellip;]<\/p>\n","protected":false},"author":1,"featured_media":0,"parent":0,"menu_order":0,"comment_status":"closed","ping_status":"open","template":"","meta":{"footnotes":""},"class_list":["post-2","page","type-page","status-publish","hentry"],"_links":{"self":[{"href":"https:\/\/portal.kre.hu\/dndipvac2024\/index.php\/wp-json\/wp\/v2\/pages\/2","targetHints":{"allow":["GET"]}}],"collection":[{"href":"https:\/\/portal.kre.hu\/dndipvac2024\/index.php\/wp-json\/wp\/v2\/pages"}],"about":[{"href":"https:\/\/portal.kre.hu\/dndipvac2024\/index.php\/wp-json\/wp\/v2\/types\/page"}],"author":[{"embeddable":true,"href":"https:\/\/portal.kre.hu\/dndipvac2024\/index.php\/wp-json\/wp\/v2\/users\/1"}],"replies":[{"embeddable":true,"href":"https:\/\/portal.kre.hu\/dndipvac2024\/index.php\/wp-json\/wp\/v2\/comments?post=2"}],"version-history":[{"count":12,"href":"https:\/\/portal.kre.hu\/dndipvac2024\/index.php\/wp-json\/wp\/v2\/pages\/2\/revisions"}],"predecessor-version":[{"id":443,"href":"https:\/\/portal.kre.hu\/dndipvac2024\/index.php\/wp-json\/wp\/v2\/pages\/2\/revisions\/443"}],"wp:attachment":[{"href":"https:\/\/portal.kre.hu\/dndipvac2024\/index.php\/wp-json\/wp\/v2\/media?parent=2"}],"curies":[{"name":"wp","href":"https:\/\/api.w.org\/{rel}","templated":true}]}}