{"id":95,"date":"2023-09-22T10:22:09","date_gmt":"2023-09-22T08:22:09","guid":{"rendered":"https:\/\/portal.kre.hu\/dndipvac2024\/?page_id=95"},"modified":"2024-06-07T19:44:27","modified_gmt":"2024-06-07T17:44:27","slug":"venue","status":"publish","type":"page","link":"https:\/\/portal.kre.hu\/dndipvac2024\/index.php\/venue\/","title":{"rendered":"Venue"},"content":{"rendered":"\n<h2 class=\"wp-block-heading\">Venue<\/h2>\n\n\n\n<p>K\u00e1roli G\u00e1sp\u00e1r University of the Reformed Church in Hungary,&nbsp;<\/p>\n\n\n\n<p>Address: K\u00e1rolyi-Csekonics Palace<\/p>\n\n\n\n<p>17 M\u00fazeum St., Budapest, Hungary, H-1088<\/p>\n\n\n\n<p><\/p>\n\n\n\n<figure class=\"wp-block-image size-full is-resized\"><img loading=\"lazy\" decoding=\"async\" width=\"628\" height=\"526\" src=\"https:\/\/portal.kre.hu\/dndipvac2024\/wp-content\/uploads\/2024\/06\/kep-1.png\" alt=\"\" class=\"wp-image-437\" style=\"width:390px;height:auto\" srcset=\"https:\/\/portal.kre.hu\/dndipvac2024\/wp-content\/uploads\/2024\/06\/kep-1.png 628w, https:\/\/portal.kre.hu\/dndipvac2024\/wp-content\/uploads\/2024\/06\/kep-1-300x251.png 300w\" sizes=\"auto, (max-width: 628px) 100vw, 628px\" \/><\/figure>\n","protected":false},"excerpt":{"rendered":"<p>Venue K\u00e1roli G\u00e1sp\u00e1r University of the Reformed Church in Hungary,&nbsp; Address: K\u00e1rolyi-Csekonics Palace 17 M\u00fazeum St., Budapest, Hungary, H-1088<\/p>\n","protected":false},"author":1,"featured_media":0,"parent":0,"menu_order":0,"comment_status":"closed","ping_status":"closed","template":"","meta":{"footnotes":""},"class_list":["post-95","page","type-page","status-publish","hentry"],"_links":{"self":[{"href":"https:\/\/portal.kre.hu\/dndipvac2024\/index.php\/wp-json\/wp\/v2\/pages\/95","targetHints":{"allow":["GET"]}}],"collection":[{"href":"https:\/\/portal.kre.hu\/dndipvac2024\/index.php\/wp-json\/wp\/v2\/pages"}],"about":[{"href":"https:\/\/portal.kre.hu\/dndipvac2024\/index.php\/wp-json\/wp\/v2\/types\/page"}],"author":[{"embeddable":true,"href":"https:\/\/portal.kre.hu\/dndipvac2024\/index.php\/wp-json\/wp\/v2\/users\/1"}],"replies":[{"embeddable":true,"href":"https:\/\/portal.kre.hu\/dndipvac2024\/index.php\/wp-json\/wp\/v2\/comments?post=95"}],"version-history":[{"count":6,"href":"https:\/\/portal.kre.hu\/dndipvac2024\/index.php\/wp-json\/wp\/v2\/pages\/95\/revisions"}],"predecessor-version":[{"id":440,"href":"https:\/\/portal.kre.hu\/dndipvac2024\/index.php\/wp-json\/wp\/v2\/pages\/95\/revisions\/440"}],"wp:attachment":[{"href":"https:\/\/portal.kre.hu\/dndipvac2024\/index.php\/wp-json\/wp\/v2\/media?parent=95"}],"curies":[{"name":"wp","href":"https:\/\/api.w.org\/{rel}","templated":true}]}}