{"id":25,"date":"2023-06-26T11:13:22","date_gmt":"2023-06-26T09:13:22","guid":{"rendered":"https:\/\/portal.kre.hu\/kresc\/?page_id=25"},"modified":"2025-01-16T10:48:46","modified_gmt":"2025-01-16T09:48:46","slug":"akikre-buszkek-vagyunk","status":"publish","type":"page","link":"https:\/\/portal.kre.hu\/kresc\/akikre-buszkek-vagyunk\/","title":{"rendered":"Akikre b\u00fcszk\u00e9k vagyunk"},"content":{"rendered":"\n<div class=\"wp-block-media-text alignwide is-stacked-on-mobile bestof\" style=\"grid-template-columns:22% auto\"><figure class=\"wp-block-media-text__media\"><img loading=\"lazy\" decoding=\"async\" width=\"300\" height=\"300\" src=\"https:\/\/portal.kre.hu\/kresc\/wp-content\/uploads\/2023\/09\/Pigniczki-Fanni.jpg\" alt=\"Pigniczki-Fanni\" class=\"wp-image-167 size-full\" srcset=\"https:\/\/portal.kre.hu\/kresc\/wp-content\/uploads\/2023\/09\/Pigniczki-Fanni.jpg 300w, https:\/\/portal.kre.hu\/kresc\/wp-content\/uploads\/2023\/09\/Pigniczki-Fanni-150x150.jpg 150w\" sizes=\"auto, (max-width: 300px) 100vw, 300px\" \/><\/figure><div class=\"wp-block-media-text__content\">\n<p><br><strong><strong>Pigniczki Fanni<\/strong><\/strong><br>olimpikon, vil\u00e1gbajnoki bronz\u00e9rmes ritmikus torn\u00e1sz k\u00e9tszeres Egyetemi Vil\u00e1gj\u00e1t\u00e9kok arany\u00e9rmes <em>pszichol\u00f3gia szakos hallgat\u00f3<\/em><br><br><\/p>\n\n\n\n<p><\/p>\n<\/div><\/div>\n\n\n\n<div class=\"wp-block-media-text alignwide has-media-on-the-right is-stacked-on-mobile bestof\" style=\"grid-template-columns:auto 22%\"><div class=\"wp-block-media-text__content\">\n<p><br><strong><strong>Varga D\u00e1niel<\/strong><\/strong><br>olimpiai \u00e9s vil\u00e1gbajnok v\u00edzilabd\u00e1z\u00f3, <em>pszichol\u00f3gia szakos hallgat\u00f3<\/em><br><br><\/p>\n\n\n\n<p><\/p>\n<\/div><figure class=\"wp-block-media-text__media\"><img loading=\"lazy\" decoding=\"async\" width=\"300\" height=\"300\" src=\"https:\/\/portal.kre.hu\/kresc\/wp-content\/uploads\/2024\/02\/varga-daniel.jpg\" alt=\"Varga D\u00e1niel\" class=\"wp-image-310 size-full\" srcset=\"https:\/\/portal.kre.hu\/kresc\/wp-content\/uploads\/2024\/02\/varga-daniel.jpg 300w, https:\/\/portal.kre.hu\/kresc\/wp-content\/uploads\/2024\/02\/varga-daniel-150x150.jpg 150w\" sizes=\"auto, (max-width: 300px) 100vw, 300px\" \/><\/figure><\/div>\n\n\n\n<div class=\"wp-block-media-text alignwide is-stacked-on-mobile bestof\" style=\"grid-template-columns:22% auto\"><figure class=\"wp-block-media-text__media\"><img loading=\"lazy\" decoding=\"async\" width=\"200\" height=\"200\" src=\"https:\/\/portal.kre.hu\/kresc\/wp-content\/uploads\/2025\/01\/klekner-hanga.jpg\" alt=\"\" class=\"wp-image-404 size-full\" srcset=\"https:\/\/portal.kre.hu\/kresc\/wp-content\/uploads\/2025\/01\/klekner-hanga.jpg 200w, https:\/\/portal.kre.hu\/kresc\/wp-content\/uploads\/2025\/01\/klekner-hanga-150x150.jpg 150w\" sizes=\"auto, (max-width: 200px) 100vw, 200px\" \/><\/figure><div class=\"wp-block-media-text__content\">\n<p><br><strong><strong><strong>Klekner Hanga<\/strong><\/strong><\/strong><br>olimpikon, t\u00f6bbsz\u00f6r\u00f6s magyar bajnok r\u00fadugr\u00f3, <em>sportpszichol\u00f3giai szakpszichol\u00f3gia szakir\u00e1ny\u00fa tov\u00e1bbk\u00e9pz\u00e9sen tanul\u00f3 hallgat\u00f3<\/em><br><br><\/p>\n\n\n\n<p><\/p>\n<\/div><\/div>\n\n\n\n<div class=\"wp-block-media-text alignwide has-media-on-the-right is-stacked-on-mobile bestof\" style=\"grid-template-columns:auto 22%\"><div class=\"wp-block-media-text__content\">\n<p><br><strong><strong>Sz\u00e9p Bal\u00e1zs<\/strong><\/strong><br>Olimpikon \u00f6ttus\u00e1z\u00f3, vil\u00e1g- \u00e9s Eur\u00f3pa-bajnok,&nbsp;<em>emberi er\u0151forr\u00e1sok szakos hallgat\u00f3<\/em><br><br><\/p>\n\n\n\n<p><\/p>\n<\/div><figure class=\"wp-block-media-text__media\"><img loading=\"lazy\" decoding=\"async\" width=\"200\" height=\"200\" src=\"https:\/\/portal.kre.hu\/kresc\/wp-content\/uploads\/2025\/01\/szep-balazs.jpg\" alt=\"\" class=\"wp-image-405 size-full\" srcset=\"https:\/\/portal.kre.hu\/kresc\/wp-content\/uploads\/2025\/01\/szep-balazs.jpg 200w, https:\/\/portal.kre.hu\/kresc\/wp-content\/uploads\/2025\/01\/szep-balazs-150x150.jpg 150w\" sizes=\"auto, (max-width: 200px) 100vw, 200px\" \/><\/figure><\/div>\n\n\n\n<div class=\"wp-block-media-text alignwide is-stacked-on-mobile bestof\" style=\"grid-template-columns:22% auto\"><figure class=\"wp-block-media-text__media\"><img loading=\"lazy\" decoding=\"async\" width=\"300\" height=\"300\" src=\"https:\/\/portal.kre.hu\/kresc\/wp-content\/uploads\/2023\/09\/Marton-Anna.jpg\" alt=\"M\u00e1rton Anna\" class=\"wp-image-168 size-full\" srcset=\"https:\/\/portal.kre.hu\/kresc\/wp-content\/uploads\/2023\/09\/Marton-Anna.jpg 300w, https:\/\/portal.kre.hu\/kresc\/wp-content\/uploads\/2023\/09\/Marton-Anna-150x150.jpg 150w\" sizes=\"auto, (max-width: 300px) 100vw, 300px\" \/><\/figure><div class=\"wp-block-media-text__content\">\n<p><br><strong><strong>M\u00e1rton Anna<\/strong><\/strong><br>vil\u00e1gbajnok magyar kardv\u00edv\u00f3<br><em>pszichol\u00f3gia mesterszakos hallgat\u00f3<\/em><br><br><\/p>\n<\/div><\/div>\n\n\n\n<div class=\"wp-block-media-text alignwide has-media-on-the-right is-stacked-on-mobile bestof\" style=\"grid-template-columns:auto 22%\"><div class=\"wp-block-media-text__content\">\n<p><br><strong><strong>Szab\u00f3 Gabriella<\/strong><\/strong><br>H\u00e1romszoros olimpiai, vil\u00e1g- \u00e9s Eur\u00f3pa-bajnok kajakoz\u00f3,<br><em>joghallgat\u00f3<\/em><br><br><\/p>\n<\/div><figure class=\"wp-block-media-text__media\"><img loading=\"lazy\" decoding=\"async\" width=\"300\" height=\"300\" src=\"https:\/\/portal.kre.hu\/kresc\/wp-content\/uploads\/2023\/06\/szabo_gabriella.jpg\" alt=\"\" class=\"wp-image-32 size-full\" srcset=\"https:\/\/portal.kre.hu\/kresc\/wp-content\/uploads\/2023\/06\/szabo_gabriella.jpg 300w, https:\/\/portal.kre.hu\/kresc\/wp-content\/uploads\/2023\/06\/szabo_gabriella-150x150.jpg 150w\" sizes=\"auto, (max-width: 300px) 100vw, 300px\" \/><\/figure><\/div>\n\n\n\n<div class=\"wp-block-media-text alignwide is-stacked-on-mobile bestof\" style=\"grid-template-columns:22% auto\"><figure class=\"wp-block-media-text__media\"><img loading=\"lazy\" decoding=\"async\" width=\"300\" height=\"300\" src=\"https:\/\/portal.kre.hu\/kresc\/wp-content\/uploads\/2023\/06\/deak_dora.jpg\" alt=\"\" class=\"wp-image-27 size-full\" srcset=\"https:\/\/portal.kre.hu\/kresc\/wp-content\/uploads\/2023\/06\/deak_dora.jpg 300w, https:\/\/portal.kre.hu\/kresc\/wp-content\/uploads\/2023\/06\/deak_dora-150x150.jpg 150w\" sizes=\"auto, (max-width: 300px) 100vw, 300px\" \/><\/figure><div class=\"wp-block-media-text__content\">\n<p><br><strong><strong>De\u00e1ki D\u00f3ra<\/strong><\/strong><br>KEK-gy\u0151ztes, Bajnokok Lig\u00e1ja-ez\u00fcst\u00e9rmes k\u00e9zilabd\u00e1z\u00f3,&nbsp;<br><em>germanisztika szakos hallgat\u00f3<\/em><br><br><\/p>\n<\/div><\/div>\n\n\n\n<div class=\"wp-block-media-text alignwide has-media-on-the-right is-stacked-on-mobile bestof\" style=\"grid-template-columns:auto 22%\"><div class=\"wp-block-media-text__content\">\n<p><br><strong><strong>K\u00e1rp\u00e1ti Emese<\/strong><\/strong><br>T\u00f6bbsz\u00f6r\u00f6s feln\u0151tt&nbsp;magyar bajnok \u00e9s&nbsp;k\u00e9tszeres MEFOB arany\u00e9rmes,&nbsp;<br>Eur\u00f3pa-bajnoki \u00e9s&nbsp;Eur\u00f3pa-kupabronz\u00e9rmes, feln\u0151tt Vil\u00e1gkupa  ez\u00fcst\u00e9rmes, v\u00e1logatott jud\u00f3s,&nbsp;<em>joghallgat\u00f3<\/em><br><br><\/p>\n<\/div><figure class=\"wp-block-media-text__media\"><img loading=\"lazy\" decoding=\"async\" width=\"300\" height=\"300\" src=\"https:\/\/portal.kre.hu\/kresc\/wp-content\/uploads\/2023\/06\/karpati_emese.jpg\" alt=\"\" class=\"wp-image-29 size-full\" srcset=\"https:\/\/portal.kre.hu\/kresc\/wp-content\/uploads\/2023\/06\/karpati_emese.jpg 300w, https:\/\/portal.kre.hu\/kresc\/wp-content\/uploads\/2023\/06\/karpati_emese-150x150.jpg 150w\" sizes=\"auto, (max-width: 300px) 100vw, 300px\" \/><\/figure><\/div>\n\n\n\n<div class=\"wp-block-media-text alignwide is-stacked-on-mobile bestof\" style=\"grid-template-columns:22% auto\"><figure class=\"wp-block-media-text__media\"><img loading=\"lazy\" decoding=\"async\" width=\"300\" height=\"300\" src=\"https:\/\/portal.kre.hu\/kresc\/wp-content\/uploads\/2023\/06\/vajda_luca.jpg\" alt=\"\" class=\"wp-image-36 size-full\" srcset=\"https:\/\/portal.kre.hu\/kresc\/wp-content\/uploads\/2023\/06\/vajda_luca.jpg 300w, https:\/\/portal.kre.hu\/kresc\/wp-content\/uploads\/2023\/06\/vajda_luca-150x150.jpg 150w\" sizes=\"auto, (max-width: 300px) 100vw, 300px\" \/><\/figure><div class=\"wp-block-media-text__content\">\n<p><br><strong><strong>Vajda Luca<\/strong><\/strong><br>Eur\u00f3pa-bajnoki \u00e9s Strand Vil\u00e1gj\u00e1t\u00e9kok&nbsp;ez\u00fcst\u00e9rmes,&nbsp;nemzeti v\u00e1logatott strandk\u00e9zilabd\u00e1z\u00f3,&nbsp;<em>joghallgat\u00f3<\/em><br><br><\/p>\n<\/div><\/div>\n\n\n\n<div class=\"wp-block-media-text alignwide has-media-on-the-right is-stacked-on-mobile bestof\" style=\"grid-template-columns:auto 22%\"><div class=\"wp-block-media-text__content\">\n<p><br><strong><strong>B\u00e1nhidi-Farkas Petra<\/strong><\/strong><br>K\u00e9tszeres Eur\u00f3pa-bajnoki ez\u00fcst\u00e9rmes \u00e9s&nbsp;t\u00f6bbsz\u00f6r\u00f6s orsz\u00e1gos bajnok, nemzeti v\u00e1logatott t\u00e1volugr\u00f3,&nbsp;<em>szoci\u00e1lpedag\u00f3gia&nbsp;szakos hallgat\u00f3<\/em><br><br><\/p>\n<\/div><figure class=\"wp-block-media-text__media\"><img loading=\"lazy\" decoding=\"async\" width=\"300\" height=\"300\" src=\"https:\/\/portal.kre.hu\/kresc\/wp-content\/uploads\/2023\/06\/farkas_petra.jpg\" alt=\"\" class=\"wp-image-28 size-full\" srcset=\"https:\/\/portal.kre.hu\/kresc\/wp-content\/uploads\/2023\/06\/farkas_petra.jpg 300w, https:\/\/portal.kre.hu\/kresc\/wp-content\/uploads\/2023\/06\/farkas_petra-150x150.jpg 150w\" sizes=\"auto, (max-width: 300px) 100vw, 300px\" \/><\/figure><\/div>\n\n\n\n<div class=\"wp-block-media-text alignwide is-stacked-on-mobile bestof\" style=\"grid-template-columns:22% auto\"><figure class=\"wp-block-media-text__media\"><img loading=\"lazy\" decoding=\"async\" width=\"300\" height=\"300\" src=\"https:\/\/portal.kre.hu\/kresc\/wp-content\/uploads\/2023\/06\/szucs_fanni.jpg\" alt=\"\" class=\"wp-image-33 size-full\" srcset=\"https:\/\/portal.kre.hu\/kresc\/wp-content\/uploads\/2023\/06\/szucs_fanni.jpg 300w, https:\/\/portal.kre.hu\/kresc\/wp-content\/uploads\/2023\/06\/szucs_fanni-150x150.jpg 150w\" sizes=\"auto, (max-width: 300px) 100vw, 300px\" \/><\/figure><div class=\"wp-block-media-text__content\">\n<p><br><strong><strong>Sz\u00fccs Fanni<\/strong><\/strong><br>K\u00e9tszeres Eur\u00f3pa-bajnok, Bajnokok Kup\u00e1ja&nbsp;\u00e9s EBT Masters Final gy\u0151ztes,&nbsp;valamint t\u00f6bbsz\u00f6r\u00f6s orsz\u00e1gos bajnok,&nbsp;nemzeti v\u00e1logatott&nbsp;<br>strandk\u00e9zilabd\u00e1z\u00f3,&nbsp;<em>joghallgat\u00f3<\/em><br><br><\/p>\n<\/div><\/div>\n","protected":false},"excerpt":{"rendered":"<p>Pigniczki Fanniolimpikon, vil\u00e1gbajnoki bronz\u00e9rmes ritmikus torn\u00e1sz k\u00e9tszeres Egyetemi Vil\u00e1gj\u00e1t\u00e9kok arany\u00e9rmes pszichol\u00f3gia szakos hallgat\u00f3 Varga D\u00e1nielolimpiai \u00e9s vil\u00e1gbajnok v\u00edzilabd\u00e1z\u00f3, pszichol\u00f3gia szakos hallgat\u00f3 Klekner Hangaolimpikon, t\u00f6bbsz\u00f6r\u00f6s magyar bajnok r\u00fadugr\u00f3, sportpszichol\u00f3giai szakpszichol\u00f3gia szakir\u00e1ny\u00fa tov\u00e1bbk\u00e9pz\u00e9sen tanul\u00f3 hallgat\u00f3 Sz\u00e9p Bal\u00e1zsOlimpikon \u00f6ttus\u00e1z\u00f3, vil\u00e1g- \u00e9s Eur\u00f3pa-bajnok,&nbsp;emberi er\u0151forr\u00e1sok szakos hallgat\u00f3 M\u00e1rton Annavil\u00e1gbajnok magyar kardv\u00edv\u00f3pszichol\u00f3gia mesterszakos hallgat\u00f3 Szab\u00f3 GabriellaH\u00e1romszoros olimpiai, vil\u00e1g- \u00e9s Eur\u00f3pa-bajnok kajakoz\u00f3,joghallgat\u00f3 [&hellip;]<\/p>\n","protected":false},"author":1,"featured_media":0,"parent":0,"menu_order":0,"comment_status":"closed","ping_status":"closed","template":"","meta":{"footnotes":""},"class_list":["post-25","page","type-page","status-publish","hentry"],"_links":{"self":[{"href":"https:\/\/portal.kre.hu\/kresc\/wp-json\/wp\/v2\/pages\/25","targetHints":{"allow":["GET"]}}],"collection":[{"href":"https:\/\/portal.kre.hu\/kresc\/wp-json\/wp\/v2\/pages"}],"about":[{"href":"https:\/\/portal.kre.hu\/kresc\/wp-json\/wp\/v2\/types\/page"}],"author":[{"embeddable":true,"href":"https:\/\/portal.kre.hu\/kresc\/wp-json\/wp\/v2\/users\/1"}],"replies":[{"embeddable":true,"href":"https:\/\/portal.kre.hu\/kresc\/wp-json\/wp\/v2\/comments?post=25"}],"version-history":[{"count":25,"href":"https:\/\/portal.kre.hu\/kresc\/wp-json\/wp\/v2\/pages\/25\/revisions"}],"predecessor-version":[{"id":407,"href":"https:\/\/portal.kre.hu\/kresc\/wp-json\/wp\/v2\/pages\/25\/revisions\/407"}],"wp:attachment":[{"href":"https:\/\/portal.kre.hu\/kresc\/wp-json\/wp\/v2\/media?parent=25"}],"curies":[{"name":"wp","href":"https:\/\/api.w.org\/{rel}","templated":true}]}}