{"id":46,"date":"2023-06-26T11:28:14","date_gmt":"2023-06-26T09:28:14","guid":{"rendered":"https:\/\/portal.kre.hu\/kresc\/?page_id=46"},"modified":"2026-05-06T15:12:00","modified_gmt":"2026-05-06T13:12:00","slug":"rolunk","status":"publish","type":"page","link":"https:\/\/portal.kre.hu\/kresc\/rolunk\/","title":{"rendered":"R\u00f3lunk"},"content":{"rendered":"\r\n<p><em>&#8222;A sport megtan\u00edt becs\u00fcletesen gy\u0151zni \u00e9s emelt f\u0151vel vesz\u00edteni.&#8221;<\/em> \u2013 Ernest Hemingway<\/p>\r\n\r\n\r\n\r\n<p>A sport t\u00f6bb, mint testmozg\u00e1s &#8211; megtan\u00edt k\u00fczdeni, kitartani, csapatban gondolkodni \u00e9s minden helyzetben a legjobbra t\u00f6rekedni. Ezzel a szeml\u00e9lettel j\u00f6tt l\u00e9tre 2022. okt\u00f3ber 24-\u00e9n a <strong>K\u00e1roli G\u00e1sp\u00e1r Reform\u00e1tus Egyetem Sport Club (KRE SC)<\/strong>, amely elk\u00f6telezett amellett, hogy minden hallgat\u00f3 sz\u00e1m\u00e1ra biztos\u00edtsa a sportol\u00e1s \u00f6r\u00f6m\u00e9t \u00e9s lehet\u0151s\u00e9g\u00e9t versenysportk\u00e9nt \u00e9s szabadid\u0151s tev\u00e9kenys\u00e9gk\u00e9nt egyar\u00e1nt.<\/p>\r\n\r\n\r\n\r\n<p><strong>C\u00e9lunk<\/strong>, hogy mindenki megtal\u00e1lja a sz\u00e1m\u00e1ra legkedvesebb mozg\u00e1sform\u00e1t, mik\u00f6zben egy \u00f6sszetart\u00f3, t\u00e1mogat\u00f3 k\u00f6z\u00f6ss\u00e9g r\u00e9sz\u00e9v\u00e9 v\u00e1lik. Hisz\u00fcnk abban, hogy a sport nemcsak a testet, hanem a lelket is er\u0151s\u00edti, \u00e9s olyan \u00e9rt\u00e9keket ad, amelyek az \u00e9let minden ter\u00fclet\u00e9n kamatoztathat\u00f3k.<\/p>\r\n\r\n\r\n\r\n<p>B\u00fcszk\u00e9k vagyunk versenyz\u0151inkre, akik sz\u00e1mos sport\u00e1gban k\u00e9pviselik egyetem\u00fcnket, legyen sz\u00f3 csapatsportokr\u00f3l, vagy egy\u00e9ni megm\u00e9rettet\u00e9sekr\u0151l. Az \u00e9vek sor\u00e1n egyre t\u00f6bb hallgat\u00f3 csatlakozott hozz\u00e1nk, akik az egyetemi tanulm\u00e1nyaik mellett akt\u00edvan r\u00e9szt vesznek a sport\u00e9letben, er\u0151s\u00edtve ezzel az egyetem k\u00f6z\u00f6ss\u00e9g\u00e9t \u00e9s h\u00edrnev\u00e9t.<\/p>\r\n\r\n\r\n\r\n<p>A klub tagjai sz\u00e1m\u00e1ra imm\u00e1r <strong>fel\u00faj\u00edtott konditermeink is el\u00e9rhet\u0151ek<\/strong>, modern g\u00e9pparkkal, amely kiv\u00e1l\u00f3 lehet\u0151s\u00e9get biztos\u00edt az er\u0151nl\u00e9t fejleszt\u00e9s\u00e9re, regener\u00e1ci\u00f3ra \u00e9s egy\u00e9ni edz\u00e9sekre.<\/p>\r\n\r\n\r\n\r\n<p>Csatlakozz hozz\u00e1nk, \u00e9s l\u00e9gy r\u00e9szese ennek a lend\u00fcletes, t\u00e1mogat\u00f3 \u00e9s inspir\u00e1l\u00f3 sportk\u00f6z\u00f6ss\u00e9gnek!<\/p>\r\n<p>&nbsp;<\/p>\r\n<p><strong>Let\u00f6lthet\u0151 dokumentumok<\/strong><\/p>\r\n<p><a href=\"https:\/\/portal.kre.hu\/kresc\/wp-content\/uploads\/2026\/05\/KRE-SC-eves-beszamolo-2025.pdf\" target=\"_blank\" rel=\"noopener\">KRE SC &#8211; \u00c9ves besz\u00e1mol\u00f3 2025<\/a><\/p>\r\n<p><a href=\"https:\/\/portal.kre.hu\/kresc\/wp-content\/uploads\/2026\/05\/KRE-SC-eves-beszamolo-2024.pdf\" target=\"_blank\" rel=\"noopener\">KRE SC &#8211; \u00c9ves besz\u00e1mol\u00f3 2024<\/a><\/p>\r\n<p><a href=\"https:\/\/portal.kre.hu\/kresc\/wp-content\/uploads\/2026\/05\/KRE-SC-eves-beszamolo-2023.pdf\" target=\"_blank\" rel=\"noopener\">KRE SC &#8211; \u00c9ves besz\u00e1mol\u00f3 2023<\/a><\/p>\r\n<p><a href=\"https:\/\/portal.kre.hu\/kresc\/wp-content\/uploads\/2026\/05\/KRE-SC-alapszabaly-alairt-2022.pdf\" target=\"_blank\" rel=\"noopener\">KRE SC &#8211; Alapszab\u00e1ly al\u00e1\u00edrt 2022<\/a><\/p>\r\n","protected":false},"excerpt":{"rendered":"<p>&#8222;A sport megtan\u00edt becs\u00fcletesen gy\u0151zni \u00e9s emelt f\u0151vel vesz\u00edteni.&#8221; \u2013 Ernest Hemingway A sport t\u00f6bb, mint testmozg\u00e1s &#8211; megtan\u00edt k\u00fczdeni, kitartani, csapatban gondolkodni \u00e9s minden helyzetben a legjobbra t\u00f6rekedni. Ezzel a szeml\u00e9lettel j\u00f6tt l\u00e9tre 2022. okt\u00f3ber 24-\u00e9n a K\u00e1roli G\u00e1sp\u00e1r Reform\u00e1tus Egyetem Sport Club (KRE SC), amely elk\u00f6telezett amellett, hogy minden hallgat\u00f3 sz\u00e1m\u00e1ra biztos\u00edtsa a [&hellip;]<\/p>\n","protected":false},"author":1,"featured_media":0,"parent":0,"menu_order":0,"comment_status":"closed","ping_status":"closed","template":"","meta":{"footnotes":""},"class_list":["post-46","page","type-page","status-publish","hentry"],"_links":{"self":[{"href":"https:\/\/portal.kre.hu\/kresc\/wp-json\/wp\/v2\/pages\/46","targetHints":{"allow":["GET"]}}],"collection":[{"href":"https:\/\/portal.kre.hu\/kresc\/wp-json\/wp\/v2\/pages"}],"about":[{"href":"https:\/\/portal.kre.hu\/kresc\/wp-json\/wp\/v2\/types\/page"}],"author":[{"embeddable":true,"href":"https:\/\/portal.kre.hu\/kresc\/wp-json\/wp\/v2\/users\/1"}],"replies":[{"embeddable":true,"href":"https:\/\/portal.kre.hu\/kresc\/wp-json\/wp\/v2\/comments?post=46"}],"version-history":[{"count":19,"href":"https:\/\/portal.kre.hu\/kresc\/wp-json\/wp\/v2\/pages\/46\/revisions"}],"predecessor-version":[{"id":716,"href":"https:\/\/portal.kre.hu\/kresc\/wp-json\/wp\/v2\/pages\/46\/revisions\/716"}],"wp:attachment":[{"href":"https:\/\/portal.kre.hu\/kresc\/wp-json\/wp\/v2\/media?parent=46"}],"curies":[{"name":"wp","href":"https:\/\/api.w.org\/{rel}","templated":true}]}}