{"id":51,"date":"2023-06-26T11:31:30","date_gmt":"2023-06-26T09:31:30","guid":{"rendered":"https:\/\/portal.kre.hu\/kresc\/?page_id=51"},"modified":"2025-08-05T13:25:09","modified_gmt":"2025-08-05T11:25:09","slug":"szervezeti-felepites","status":"publish","type":"page","link":"https:\/\/portal.kre.hu\/kresc\/szervezeti-felepites\/","title":{"rendered":"Szervezeti fel\u00e9p\u00edt\u00e9s"},"content":{"rendered":"\n<p>S\u00e1rfalvi P\u00e9ter B\u00e9la \u2013 Eln\u00f6k (<a href=\"mailto:sarfalvi.peter@kre.hu\">sarfalvi.peter@kre.hu<\/a>)<\/p>\n\n\n\n<p>Dr. Szab\u00f3 No\u00e9mi \u2013 F\u0151titk\u00e1r (<a href=\"mailto:szabo.noemi1@kre.hu\">szabo.noemi1@kre.hu<\/a>)<\/p>\n\n\n\n<p>Tr\u00f3cs\u00e1nyi Hanna \u00c1gnes \u2013 Nemzetk\u00f6zi kapcsolatok\u00e9rt felel\u0151s vezet\u0151 (<a href=\"mailto:hanna.trocsanyi@kre.hu\">hanna.trocsanyi@kre.hu<\/a>)<\/p>\n\n\n\n<p>Orosz \u00c1d\u00e1m Rich\u00e1rd \u2013 Szabadid\u0151 szakoszt\u00e1ly vezet\u0151 (<a href=\"mailto:orosz.adam.richard@kre.hu\">orosz.adam.richard@kre.hu<\/a>)<\/p>\n\n\n\n<p>Szab\u00f3 Lili \u2013 Social Media menedzser (<a href=\"mailto:szabo.lili@kre.hu\">szabo.lili@kre.hu<\/a>)<\/p>\n\n\n\n<hr class=\"wp-block-separator has-alpha-channel-opacity\"\/>\n\n\n\n<p><strong>Eln\u00f6ks\u00e9gi tagok:<\/strong><\/p>\n\n\n\n<p>Prof. Dr. Tr\u00f3cs\u00e1nyi L\u00e1szl\u00f3 Henrik<\/p>\n\n\n\n<p>S\u00e1rfalvi P\u00e9ter B\u00e9la<\/p>\n\n\n\n<p>Prof. Dr. Szuchy R\u00f3bert<\/p>\n\n\n\n<p>Dr. Cs\u00e1ki-Hatalovics Gyula Bal\u00e1zs<\/p>\n\n\n\n<p>Dr. Dobrotka-Mayer Annam\u00e1ria<\/p>\n\n\n\n<p>B\u00e1n Teod\u00f3ra<\/p>\n\n\n\n<p>Zila G\u00e1bor<\/p>\n\n\n\n<p><strong>Fel\u00fcgyel\u0151bizotts\u00e1gi tagok:<\/strong><\/p>\n\n\n\n<p>Dr. Moln\u00e1r Zolt\u00e1n \u2013 FB. eln\u00f6k<\/p>\n\n\n\n<p>K\u00f6v\u00e9r Andrea<\/p>\n\n\n\n<p>Dr. Kov\u00e1cs Kinga<\/p>\n","protected":false},"excerpt":{"rendered":"<p>S\u00e1rfalvi P\u00e9ter B\u00e9la \u2013 Eln\u00f6k (sarfalvi.peter@kre.hu) Dr. Szab\u00f3 No\u00e9mi \u2013 F\u0151titk\u00e1r (szabo.noemi1@kre.hu) Tr\u00f3cs\u00e1nyi Hanna \u00c1gnes \u2013 Nemzetk\u00f6zi kapcsolatok\u00e9rt felel\u0151s vezet\u0151 (hanna.trocsanyi@kre.hu) Orosz \u00c1d\u00e1m Rich\u00e1rd \u2013 Szabadid\u0151 szakoszt\u00e1ly vezet\u0151 (orosz.adam.richard@kre.hu) Szab\u00f3 Lili \u2013 Social Media menedzser (szabo.lili@kre.hu) Eln\u00f6ks\u00e9gi tagok: Prof. Dr. Tr\u00f3cs\u00e1nyi L\u00e1szl\u00f3 Henrik S\u00e1rfalvi P\u00e9ter B\u00e9la Prof. Dr. Szuchy R\u00f3bert Dr. Cs\u00e1ki-Hatalovics Gyula Bal\u00e1zs Dr. [&hellip;]<\/p>\n","protected":false},"author":1,"featured_media":0,"parent":0,"menu_order":0,"comment_status":"closed","ping_status":"closed","template":"","meta":{"footnotes":""},"class_list":["post-51","page","type-page","status-publish","hentry"],"_links":{"self":[{"href":"https:\/\/portal.kre.hu\/kresc\/wp-json\/wp\/v2\/pages\/51","targetHints":{"allow":["GET"]}}],"collection":[{"href":"https:\/\/portal.kre.hu\/kresc\/wp-json\/wp\/v2\/pages"}],"about":[{"href":"https:\/\/portal.kre.hu\/kresc\/wp-json\/wp\/v2\/types\/page"}],"author":[{"embeddable":true,"href":"https:\/\/portal.kre.hu\/kresc\/wp-json\/wp\/v2\/users\/1"}],"replies":[{"embeddable":true,"href":"https:\/\/portal.kre.hu\/kresc\/wp-json\/wp\/v2\/comments?post=51"}],"version-history":[{"count":4,"href":"https:\/\/portal.kre.hu\/kresc\/wp-json\/wp\/v2\/pages\/51\/revisions"}],"predecessor-version":[{"id":572,"href":"https:\/\/portal.kre.hu\/kresc\/wp-json\/wp\/v2\/pages\/51\/revisions\/572"}],"wp:attachment":[{"href":"https:\/\/portal.kre.hu\/kresc\/wp-json\/wp\/v2\/media?parent=51"}],"curies":[{"name":"wp","href":"https:\/\/api.w.org\/{rel}","templated":true}]}}