{"id":530,"date":"2025-05-26T10:43:26","date_gmt":"2025-05-26T08:43:26","guid":{"rendered":"https:\/\/portal.kre.hu\/kresc\/?page_id=530"},"modified":"2025-05-30T09:04:38","modified_gmt":"2025-05-30T07:04:38","slug":"tao","status":"publish","type":"page","link":"https:\/\/portal.kre.hu\/kresc\/tao\/","title":{"rendered":"TAO"},"content":{"rendered":"\n<p><strong>MKSZ &#8211; K\u00e9zilabda sz\u00f6vets\u00e9g<\/strong><\/p>\n\n\n\n<p><a href=\"https:\/\/portal.kre.hu\/kresc\/wp-content\/uploads\/2025\/05\/Karoli_KL_jovahagyo_hatarozat_2025.pdf\" data-type=\"link\" data-id=\"https:\/\/portal.kre.hu\/kresc\/wp-content\/uploads\/2025\/05\/Karoli_KL_jovahagyo_hatarozat_2025.pdf\">Sportfejleszt\u00e9si program j\u00f3v\u00e1hagy\u00f3 hat\u00e1rozat<\/a><\/p>\n\n\n\n<p><a href=\"https:\/\/portal.kre.hu\/kresc\/wp-content\/uploads\/2025\/05\/Karoli_KL_jovahagyott_program_2025.pdf\" data-type=\"link\" data-id=\"https:\/\/portal.kre.hu\/kresc\/wp-content\/uploads\/2025\/05\/Karoli_KL_jovahagyott_program_2025.pdf\">Sportfejleszt\u00e9si j\u00f3v\u00e1hagyott program<\/a><\/p>\n\n\n\n<p><strong>MLSZ &#8211; Labdar\u00fag\u00f3 sz\u00f6vets\u00e9g<\/strong><\/p>\n\n\n\n<p><a href=\"https:\/\/portal.kre.hu\/kresc\/wp-content\/uploads\/2025\/05\/Karoli_L_jovahagyo_hatarozat_2025_MLSZ.pdf\">Sportfejleszt\u00e9si program j\u00f3v\u00e1hagy\u00f3 hat\u00e1rozat<\/a><\/p>\n\n\n\n<p><a href=\"https:\/\/portal.kre.hu\/kresc\/wp-content\/uploads\/2025\/05\/Karoli_L_jovahagyott_program_2025_MLSZ.pdf\">Sportfejleszt\u00e9si j\u00f3v\u00e1hagyott program<\/a><\/p>\n\n\n\n<p><strong>MRSZ &#8211; R\u00f6plabda sz\u00f6vets\u00e9g<\/strong><\/p>\n\n\n\n<p><a href=\"https:\/\/portal.kre.hu\/kresc\/wp-content\/uploads\/2025\/05\/Karoli_RL_jovahagyo_hatarozat_2025_MRSZ.pd\">Sportfejleszt\u00e9si program j\u00f3v\u00e1hagy\u00f3 hat\u00e1rozat<\/a><\/p>\n\n\n\n<p><a href=\"https:\/\/portal.kre.hu\/kresc\/wp-content\/uploads\/2025\/05\/Karoli_RL_jovahagyott_program_2025_MRSZ.pdf\">Sportfejleszt\u00e9si j\u00f3v\u00e1hagyott program<\/a><\/p>\n","protected":false},"excerpt":{"rendered":"<p>MKSZ &#8211; K\u00e9zilabda sz\u00f6vets\u00e9g Sportfejleszt\u00e9si program j\u00f3v\u00e1hagy\u00f3 hat\u00e1rozat Sportfejleszt\u00e9si j\u00f3v\u00e1hagyott program MLSZ &#8211; Labdar\u00fag\u00f3 sz\u00f6vets\u00e9g Sportfejleszt\u00e9si program j\u00f3v\u00e1hagy\u00f3 hat\u00e1rozat Sportfejleszt\u00e9si j\u00f3v\u00e1hagyott program MRSZ &#8211; R\u00f6plabda sz\u00f6vets\u00e9g Sportfejleszt\u00e9si program j\u00f3v\u00e1hagy\u00f3 hat\u00e1rozat Sportfejleszt\u00e9si j\u00f3v\u00e1hagyott program<\/p>\n","protected":false},"author":1,"featured_media":0,"parent":0,"menu_order":0,"comment_status":"closed","ping_status":"closed","template":"","meta":{"footnotes":""},"class_list":["post-530","page","type-page","status-publish","hentry"],"_links":{"self":[{"href":"https:\/\/portal.kre.hu\/kresc\/wp-json\/wp\/v2\/pages\/530","targetHints":{"allow":["GET"]}}],"collection":[{"href":"https:\/\/portal.kre.hu\/kresc\/wp-json\/wp\/v2\/pages"}],"about":[{"href":"https:\/\/portal.kre.hu\/kresc\/wp-json\/wp\/v2\/types\/page"}],"author":[{"embeddable":true,"href":"https:\/\/portal.kre.hu\/kresc\/wp-json\/wp\/v2\/users\/1"}],"replies":[{"embeddable":true,"href":"https:\/\/portal.kre.hu\/kresc\/wp-json\/wp\/v2\/comments?post=530"}],"version-history":[{"count":3,"href":"https:\/\/portal.kre.hu\/kresc\/wp-json\/wp\/v2\/pages\/530\/revisions"}],"predecessor-version":[{"id":537,"href":"https:\/\/portal.kre.hu\/kresc\/wp-json\/wp\/v2\/pages\/530\/revisions\/537"}],"wp:attachment":[{"href":"https:\/\/portal.kre.hu\/kresc\/wp-json\/wp\/v2\/media?parent=530"}],"curies":[{"name":"wp","href":"https:\/\/api.w.org\/{rel}","templated":true}]}}