{"id":574,"date":"2025-08-05T13:28:24","date_gmt":"2025-08-05T11:28:24","guid":{"rendered":"https:\/\/portal.kre.hu\/kresc\/?page_id=574"},"modified":"2025-08-28T13:57:01","modified_gmt":"2025-08-28T11:57:01","slug":"konditerem","status":"publish","type":"page","link":"https:\/\/portal.kre.hu\/kresc\/konditerem\/","title":{"rendered":"Konditerem"},"content":{"rendered":"\r\n<p><strong>KRE SC Konditerem \u2013 A fejl\u0151d\u00e9s \u00faj szintje, kiz\u00e1r\u00f3lag tagoknak<\/strong><\/p>\r\n\r\n\r\n\r\n<p><strong>Inspir\u00e1l\u00f3 k\u00f6rnyezet, modern g\u00e9ppark, ingyenes edz\u00e9slehet\u0151s\u00e9g<\/strong><\/p>\r\n\r\n\r\n\r\n<p>A KRE SC tagjak\u00e9nt most <strong><u>d\u00edjmentesen<\/u><\/strong> haszn\u00e1lhatod fel\u00faj\u00edtott konditerm\u00fcnket a kijel\u00f6lt id\u0151s\u00e1vokban a Reviczky utca 6. sz\u00e1m alatti \u00e9p\u00fcletben, a Pszichol\u00f3gia Int\u00e9zetben, valamint a Bethlen G\u00e1bor Koll\u00e9giumban! A legmodernebb er\u0151s\u00edt\u0151- \u00e9s kardi\u00f3g\u00e9pek, k\u00e9nyelmes edz\u0151t\u00e9r \u00e9s motiv\u00e1l\u00f3 k\u00f6z\u00f6ss\u00e9g v\u00e1r r\u00e1d, hogy kihozd magadb\u00f3l a maximumot.<\/p>\r\n\r\n\r\n\r\n<p><strong>Mit k\u00edn\u00e1lunk?<\/strong><\/p>\r\n\r\n\r\n\r\n<ul class=\"wp-block-list\">\r\n<li><strong>Ingyenes konditeremhaszn\u00e1lat KRE SC tagoknak<\/strong> a megadott id\u0151s\u00e1vokban<\/li>\r\n\r\n\r\n\r\n<li><strong>Kiv\u00e1l\u00f3 felszerelts\u00e9g<\/strong> \u2013 Modern er\u0151s\u00edt\u0151- \u00e9s kardi\u00f3g\u00e9pek, funkcion\u00e1lis edz\u00e9slehet\u0151s\u00e9gek<\/li>\r\n\r\n\r\n\r\n<li><strong>Sokoldal\u00fa edz\u00e9sprogramok<\/strong> \u2013 Izomer\u0151s\u00edt\u00e9s, \u00e1ll\u00f3k\u00e9pess\u00e9g-fejleszt\u00e9s, mobilit\u00e1s \u00e9s regener\u00e1ci\u00f3 egy helyen<\/li>\r\n\r\n\r\n\r\n<li><strong>Inspir\u00e1l\u00f3 k\u00f6zeg<\/strong> \u2013 Edz egyed\u00fcl vagy csatlakozz hozz\u00e1nk, \u00e9s fejl\u0151dj egy motiv\u00e1l\u00f3 k\u00f6z\u00f6ss\u00e9gben<\/li>\r\n<\/ul>\r\n\r\n\r\n\r\n<p><strong>Mi\u00e9rt \u00e9rdemes kihaszn\u00e1lnod ezt a lehet\u0151s\u00e9get?<\/strong><\/p>\r\n\r\n\r\n\r\n<p>Mert a KRE SC tagjak\u00e9nt most extra k\u00f6lts\u00e9gek n\u00e9lk\u00fcl fejlesztheted er\u0151nl\u00e9tedet \u00e9s \u00e1ll\u00f3k\u00e9pess\u00e9gedet egy modern, kiv\u00e1l\u00f3an felszerelt edz\u0151teremben. Ak\u00e1r kezd\u0151k\u00e9nt, ak\u00e1r halad\u00f3k\u00e9nt \u00e9rkezel, itt minden adott ahhoz, hogy a legjobb form\u00e1dba ker\u00fclj.<\/p>\r\n\r\n\r\n\r\n<p><strong>Ne hagyd ki ezt a lehet\u0151s\u00e9get \u2013 csatlakozz, l\u00e9pj be, \u00e9s hozd ki magadb\u00f3l a maximumot!<\/strong><br>KRE SC tags\u00e1gi regisztr\u00e1ci\u00f3 itt \u00e9rhet\u0151 el:<\/p>\r\n\r\n\r\n\r\n<div class=\"wp-block-buttons is-content-justification-center is-layout-flex wp-container-core-buttons-is-layout-16018d1d wp-block-buttons-is-layout-flex\">\r\n<div class=\"wp-block-button\"><a class=\"wp-block-button__link wp-element-button\" href=\"https:\/\/portal.kre.hu\/kresc\/csatlakozz\/\"><em>CSATLAKOZZ!<\/em><\/a><\/div>\r\n<\/div>\r\n","protected":false},"excerpt":{"rendered":"<p>KRE SC Konditerem \u2013 A fejl\u0151d\u00e9s \u00faj szintje, kiz\u00e1r\u00f3lag tagoknak Inspir\u00e1l\u00f3 k\u00f6rnyezet, modern g\u00e9ppark, ingyenes edz\u00e9slehet\u0151s\u00e9g A KRE SC tagjak\u00e9nt most d\u00edjmentesen haszn\u00e1lhatod fel\u00faj\u00edtott konditerm\u00fcnket a kijel\u00f6lt id\u0151s\u00e1vokban a Reviczky utca 6. sz\u00e1m alatti \u00e9p\u00fcletben, a Pszichol\u00f3gia Int\u00e9zetben, valamint a Bethlen G\u00e1bor Koll\u00e9giumban! A legmodernebb er\u0151s\u00edt\u0151- \u00e9s kardi\u00f3g\u00e9pek, k\u00e9nyelmes edz\u0151t\u00e9r \u00e9s motiv\u00e1l\u00f3 k\u00f6z\u00f6ss\u00e9g v\u00e1r r\u00e1d, [&hellip;]<\/p>\n","protected":false},"author":1,"featured_media":0,"parent":0,"menu_order":0,"comment_status":"closed","ping_status":"closed","template":"","meta":{"footnotes":""},"class_list":["post-574","page","type-page","status-publish","hentry"],"_links":{"self":[{"href":"https:\/\/portal.kre.hu\/kresc\/wp-json\/wp\/v2\/pages\/574","targetHints":{"allow":["GET"]}}],"collection":[{"href":"https:\/\/portal.kre.hu\/kresc\/wp-json\/wp\/v2\/pages"}],"about":[{"href":"https:\/\/portal.kre.hu\/kresc\/wp-json\/wp\/v2\/types\/page"}],"author":[{"embeddable":true,"href":"https:\/\/portal.kre.hu\/kresc\/wp-json\/wp\/v2\/users\/1"}],"replies":[{"embeddable":true,"href":"https:\/\/portal.kre.hu\/kresc\/wp-json\/wp\/v2\/comments?post=574"}],"version-history":[{"count":4,"href":"https:\/\/portal.kre.hu\/kresc\/wp-json\/wp\/v2\/pages\/574\/revisions"}],"predecessor-version":[{"id":636,"href":"https:\/\/portal.kre.hu\/kresc\/wp-json\/wp\/v2\/pages\/574\/revisions\/636"}],"wp:attachment":[{"href":"https:\/\/portal.kre.hu\/kresc\/wp-json\/wp\/v2\/media?parent=574"}],"curies":[{"name":"wp","href":"https:\/\/api.w.org\/{rel}","templated":true}]}}