{"id":600,"date":"2025-08-14T13:13:51","date_gmt":"2025-08-14T11:13:51","guid":{"rendered":"https:\/\/portal.kre.hu\/kresc\/?page_id=600"},"modified":"2025-08-15T10:55:04","modified_gmt":"2025-08-15T08:55:04","slug":"elerhetoseg","status":"publish","type":"page","link":"https:\/\/portal.kre.hu\/kresc\/elerhetoseg\/","title":{"rendered":"El\u00e9rhet\u0151s\u00e9g"},"content":{"rendered":"<p><i class=\"fas fa-building\"><\/i> Iroda: 1088 Budapest, Reviczky utca 6.<br \/>\n<i class=\"fas fa-at\"><\/i> K\u00f6zponti e-mail c\u00edm: <a href=\"mailto:sportiroda@kre.hu\">sportiroda@kre.hu<\/a><\/p>\n<p><a href=\"https:\/\/share.google\/sxBI3yDgWNF9VefUU\"><img loading=\"lazy\" decoding=\"async\" class=\"aligncenter wp-image-625 size-full\" src=\"https:\/\/portal.kre.hu\/kresc\/wp-content\/uploads\/2025\/08\/kresc-terkep.jpg\" alt=\"KRE SC t\u00e9rk\u00e9p - google t\u00e9rp\u00e9k el\u00e9r\u00e9s\" width=\"656\" height=\"345\" srcset=\"https:\/\/portal.kre.hu\/kresc\/wp-content\/uploads\/2025\/08\/kresc-terkep.jpg 656w, https:\/\/portal.kre.hu\/kresc\/wp-content\/uploads\/2025\/08\/kresc-terkep-300x158.jpg 300w\" sizes=\"auto, (max-width: 656px) 100vw, 656px\" \/><\/a><\/p>\n","protected":false},"excerpt":{"rendered":"<p>Iroda: 1088 Budapest, Reviczky utca 6. K\u00f6zponti e-mail c\u00edm: sportiroda@kre.hu<\/p>\n","protected":false},"author":1,"featured_media":0,"parent":0,"menu_order":0,"comment_status":"closed","ping_status":"closed","template":"","meta":{"footnotes":""},"class_list":["post-600","page","type-page","status-publish","hentry"],"_links":{"self":[{"href":"https:\/\/portal.kre.hu\/kresc\/wp-json\/wp\/v2\/pages\/600","targetHints":{"allow":["GET"]}}],"collection":[{"href":"https:\/\/portal.kre.hu\/kresc\/wp-json\/wp\/v2\/pages"}],"about":[{"href":"https:\/\/portal.kre.hu\/kresc\/wp-json\/wp\/v2\/types\/page"}],"author":[{"embeddable":true,"href":"https:\/\/portal.kre.hu\/kresc\/wp-json\/wp\/v2\/users\/1"}],"replies":[{"embeddable":true,"href":"https:\/\/portal.kre.hu\/kresc\/wp-json\/wp\/v2\/comments?post=600"}],"version-history":[{"count":6,"href":"https:\/\/portal.kre.hu\/kresc\/wp-json\/wp\/v2\/pages\/600\/revisions"}],"predecessor-version":[{"id":626,"href":"https:\/\/portal.kre.hu\/kresc\/wp-json\/wp\/v2\/pages\/600\/revisions\/626"}],"wp:attachment":[{"href":"https:\/\/portal.kre.hu\/kresc\/wp-json\/wp\/v2\/media?parent=600"}],"curies":[{"name":"wp","href":"https:\/\/api.w.org\/{rel}","templated":true}]}}