{"id":604,"date":"2025-08-14T13:40:38","date_gmt":"2025-08-14T11:40:38","guid":{"rendered":"https:\/\/portal.kre.hu\/kresc\/?page_id=604"},"modified":"2025-10-01T15:27:18","modified_gmt":"2025-10-01T13:27:18","slug":"szabadido","status":"publish","type":"page","link":"https:\/\/portal.kre.hu\/kresc\/szabadido\/","title":{"rendered":"Szabadid\u0151"},"content":{"rendered":"<div>\n<details>\n<summary><i class=\"fas fa-desktop\"><\/i> E-sport<\/summary>\n<div>\n<p><strong>E-SPORT \u2013 PREC\u00cdZI\u00d3, GYORSAS\u00c1G \u00c9S STRAT\u00c9GIAI GONDOLKOD\u00c1S<\/strong><\/p>\n<p><em>&#8222;Az e-sport nem csup\u00e1n reflexekr\u0151l sz\u00f3l \u2013 a sikerhez strat\u00e9giai \u00e9rz\u00e9k, gyors d\u00f6nt\u00e9shozatal \u00e9s folyamatos fejl\u0151d\u00e9s sz\u00fcks\u00e9ges.&#8221;<\/em><\/p>\n<p>Az e-sport egy rendk\u00edv\u00fcl \u00f6sszetett \u00e9s folyamatosan fejl\u0151d\u0151 versenyforma, ahol a j\u00e1t\u00e9kosok k\u00fcl\u00f6nb\u00f6z\u0151 digit\u00e1lis platformokon m\u00e9rk\u0151znek meg egym\u00e1ssal. A m\u0171fajok sz\u00e9les sk\u00e1l\u00e1n mozognak: a taktikai csapatj\u00e1t\u00e9kot ig\u00e9nyl\u0151 MOBA \u00e9s FPS j\u00e1t\u00e9kokt\u00f3l kezdve a szimul\u00e1ci\u00f3s sportokon \u00e1t a strat\u00e9giai \u00e9s k\u00e1rtyaj\u00e1t\u00e9kokig. A j\u00e1t\u00e9kosoknak nemcsak a gyors reakci\u00f3id\u0151 \u00e9s a technikai tud\u00e1s sz\u00e1m\u00edt, hanem az elemz\u0151k\u00e9szs\u00e9g, a helyzetfelismer\u00e9s \u00e9s a kreat\u00edv probl\u00e9mamegold\u00e1s is elengedhetetlen.<\/p>\n<p>A versenyek \u00e9s esem\u00e9nyek egyar\u00e1nt lehet\u0151s\u00e9get biztos\u00edtanak az egy\u00e9ni fejl\u0151d\u00e9sre \u00e9s a k\u00f6z\u00f6ss\u00e9gi \u00e9lm\u00e9nyre. Az e-sport vil\u00e1g\u00e1ban a koncentr\u00e1ci\u00f3, az alkalmazkod\u00f3k\u00e9pess\u00e9g \u00e9s a folyamatos tanul\u00e1s ugyanolyan fontos, mint a reflexek \u00e9s az \u00fcgyess\u00e9g. Ez a digit\u00e1lis sport\u00e1g egyre nagyobb n\u00e9pszer\u0171s\u00e9gnek \u00f6rvend, hiszen izgalmas kih\u00edv\u00e1sokat k\u00edn\u00e1l a j\u00e1t\u00e9kosok sz\u00e1m\u00e1ra, mik\u00f6zben fejleszti a logikai gondolkod\u00e1st \u00e9s a d\u00f6nt\u00e9shozatali k\u00e9pess\u00e9geket.<\/p>\n<p><strong>KRE SC E-sport \u2013 K\u00f6z\u00f6ss\u00e9gi esem\u00e9nyek \u00e9s versenyek<\/strong><br \/>\nEgy\u00e9ni j\u00e1t\u00e9kosk\u00e9nt lehet\u0151s\u00e9ged van r\u00e9szt venni v\u00e1ltozatos e-sport esem\u00e9nyeinken, ahol pr\u00f3b\u00e1ra teheted tud\u00e1sodat \u00e9s fejl\u0151dhetsz. Ha szereted a kih\u00edv\u00e1sokat, sz\u00edvesen versenyzel m\u00e1sok ellen, vagy egyszer\u0171en csak \u00e9rdekel az e-sport vil\u00e1ga, n\u00e1lunk megtal\u00e1lod a helyed.<\/p>\n<p>K\u00f6vesd programjainkat, csatlakozz esem\u00e9nyeinkhez, \u00e9s m\u00e9rd \u00f6ssze tud\u00e1sodat m\u00e1sokkal egy inspir\u00e1l\u00f3 \u00e9s kih\u00edv\u00e1sokkal teli k\u00f6zegben!<\/p>\n<p>Szakoszt\u00e1lyvezet\u0151: Orosz \u00c1d\u00e1m Rich\u00e1rd <u>(orosz.adam.richard@kre.hu)<\/u><\/p>\n<\/div>\n<\/details>\n<\/div>\n<div>\n<details>\n<summary><i class=\"fas fa-futbol\"><\/i> Floorball<\/summary>\n<div>\n<p><strong>FLOORBALL \u2013 GYORS, TECHNIK\u00c1S \u00c9S KISZ\u00c1M\u00cdTHATATLAN J\u00c1T\u00c9K<\/strong><\/p>\n<p><em>&#8222;A floorballban minden m\u00e1sodperc sz\u00e1m\u00edt \u2013 egyetlen j\u00f3 d\u00f6nt\u00e9s megv\u00e1ltoztathatja a m\u00e9rk\u0151z\u00e9s kimenetel\u00e9t.&#8221;<\/em><\/p>\n<p>A floorball egy izgalmas, temp\u00f3s \u00e9s rendk\u00edv\u00fcl taktikus csapatsport, amely \u00f6tv\u00f6zi a j\u00e9gkorong dinamizmus\u00e1t \u00e9s a labdar\u00fag\u00e1s strat\u00e9giai szeml\u00e9let\u00e9t. J\u00e1t\u00e9kosok egy k\u00f6nny\u0171 \u00fct\u0151vel \u00e9s egy lyukacsos labd\u00e1val pr\u00f3b\u00e1lnak min\u00e9l t\u00f6bb g\u00f3lt szerezni az ellenf\u00e9l kapuj\u00e1ba, mik\u00f6zben a gyors helyzetfelismer\u00e9s, az \u00fcgyes labdakezel\u00e9s \u00e9s a csapatmunka d\u00f6nt a sikeress\u00e9gr\u0151l.<\/p>\n<p>A j\u00e1t\u00e9k alapja a folyamatos mozg\u00e1s \u00e9s az intenz\u00edv t\u00e1mad\u00e1s-v\u00e9dekez\u00e9s v\u00e1ltakoz\u00e1sa. A p\u00e1lya m\u00e9rete \u00e9s a j\u00e1t\u00e9k szab\u00e1lyai lehet\u0151v\u00e9 teszik a gyors akci\u00f3kat, a hirtelen fordulatokat \u00e9s a kreat\u00edv megold\u00e1sokat. A floorball egyik legnagyobb el\u0151nye, hogy nem ig\u00e9nyel neh\u00e9z felszerel\u00e9st, \u00edgy k\u00f6nnyen j\u00e1tszhat\u00f3 \u00e9s \u00e9lvezhet\u0151 ak\u00e1r kezd\u0151k, ak\u00e1r halad\u00f3 j\u00e1t\u00e9kosok sz\u00e1m\u00e1ra.<\/p>\n<p><strong>KRE SC Floorball \u2013 Edz\u00e9sek \u00e9s k\u00f6z\u00f6ss\u00e9gi j\u00e1t\u00e9kok<\/strong><br \/>\nRendszeres edz\u00e9seink sor\u00e1n lehet\u0151s\u00e9ged van fejleszteni technikai tud\u00e1sodat, \u00e1ll\u00f3k\u00e9pess\u00e9gedet \u00e9s taktikai \u00e9rz\u00e9kedet. Ak\u00e1r m\u00e1r rendelkezel tapasztalattal, ak\u00e1r most ismerkedsz a sport\u00e1ggal, n\u00e1lunk egy motiv\u00e1l\u00f3 k\u00f6zegben tanulhatsz \u00e9s fejl\u0151dhetsz.<\/p>\n<p>Ha egy p\u00f6rg\u0151s, izgalmas k\u00f6z\u00f6ss\u00e9gi \u00e9lm\u00e9nyt keresel, csatlakozz hozz\u00e1nk, \u00e9s tapasztald meg a floorball lend\u00fclet\u00e9t bar\u00e1ts\u00e1gos, t\u00e1mogat\u00f3 k\u00f6rnyezetben!<\/p>\n<p>Edz\u0151: Duschek Vilmos (szakallrot@gmail.com)<\/p>\n<p>Edz\u00e9sek id\u0151pontja: <strong>kedd, cs\u00fct\u00f6rt\u00f6k 20:00-21:30<\/strong>.<br \/>\nHelysz\u00edn: <strong>D25 tornaterem<\/strong>.<\/p>\n<\/div>\n<\/details>\n<\/div>\n<div>\n<details>\n<summary><i class=\"fas fa-person-running\"><\/i> Fut\u00e1s<\/summary>\n<div>\n<p><strong>FUT\u00c1S \u2013 SZABADS\u00c1G, KITART\u00c1S \u00c9S K\u00d6Z\u00d6SS\u00c9GI \u00c9LM\u00c9NY<\/strong><br \/>\n<em>\u201eA fut\u00e1s nemcsak sport, hanem \u00e9letforma \u2013 minden egyes l\u00e9p\u00e9s k\u00f6zelebb visz \u00f6nmagadhoz.\u201d<\/em><\/p>\n<p>A fut\u00e1s az egyik legegyszer\u0171bb, m\u00e9gis leghat\u00e9konyabb mozg\u00e1sforma: nem kell hozz\u00e1 m\u00e1s, csak egy p\u00e1r j\u00f3 cip\u0151, elhat\u00e1roz\u00e1s, \u00e9s m\u00e1r indulhat is az \u00fat a felfriss\u00fcl\u00e9s, a fejl\u0151d\u00e9s \u00e9s az \u00f6r\u00f6m fel\u00e9. A fut\u00e1s seg\u00edt levezetni a fesz\u00fclts\u00e9get, jav\u00edtja az \u00e1ll\u00f3k\u00e9pess\u00e9get, \u00e9s ment\u00e1lisan is felt\u00f6lt \u2013 r\u00e1ad\u00e1sul mindezt a szabadban, term\u00e9szetes k\u00f6rnyezetben vagy sportp\u00e1ly\u00e1n, j\u00f3 hangulat\u00fa t\u00e1rsas\u00e1gban teheted.<\/p>\n<p>A KRE SC nemcsak edz\u00e9si lehet\u0151s\u00e9get k\u00edn\u00e1l, hanem motiv\u00e1l\u00f3 k\u00f6z\u00f6ss\u00e9gi \u00e9lm\u00e9nyt is. Edz\u00e9seinken v\u00e1ltozatos t\u00e1vok, c\u00e9lzott felk\u00e9sz\u00edt\u0151 programok \u00e9s technikai fejleszt\u00e9sek v\u00e1rnak \u2013 legyen sz\u00f3 kezd\u0151 szintr\u0151l vagy ak\u00e1r versenyfelk\u00e9sz\u00fcl\u00e9sr\u0151l. Szeretn\u00e9nk seg\u00edteni, hogy kihozd magadb\u00f3l a legt\u00f6bbet, mik\u00f6zben felfedezed a fut\u00e1sban rejl\u0151 \u00f6r\u00f6m\u00f6t \u00e9s szabads\u00e1got.<\/p>\n<p><strong>KRE SC Fut\u00e1s \u2013 Edz\u00e9sek, k\u00f6z\u00f6ss\u00e9g, kih\u00edv\u00e1s<\/strong><br \/>\nA tan\u00e9v sor\u00e1n t\u00f6bb k\u00f6z\u00f6s r\u00e9szv\u00e9telt is tervez\u00fcnk k\u00fcl\u00f6nb\u00f6z\u0151 versenyeken \u2013 \u00edgy a fejl\u0151d\u00e9sed k\u00e9zzelfoghat\u00f3 c\u00e9lokhoz kapcsol\u00f3dik, \u00e9s val\u00f3di \u00e9lm\u00e9nyeket ad.<\/p>\n<p>Ha szeretn\u00e9l egy inspir\u00e1l\u00f3 k\u00f6zegben edzeni, fejl\u0151dni \u00e9s k\u00f6zben \u00faj embereket ismerni meg, csatlakozz hozz\u00e1nk!<\/p>\n<p><strong>Edz\u0151:<\/strong> Tr\u00f3cs\u00e1nyi Hanna \u00c1gnes <u>(hanna.trocsanyi@kre.hu)<\/u><\/p>\n<p><strong>Id\u0151pont:<\/strong> hamarosan meghirdetve<\/p>\n<\/div>\n<\/details>\n<\/div>\n<div>\n<details>\n<summary><i class=\"fas fa-futbol\"><\/i> Kidob\u00f3s<\/summary>\n<div>\n<p><strong>KIDOB\u00d3S \u2013 GYORSAS\u00c1G, STRAT\u00c9GIA \u00c9S \u00dcGYESS\u00c9G<\/strong><\/p>\n<p><em>&#8222;A kidob\u00f3s nem csup\u00e1n egy gyerekkori j\u00e1t\u00e9k \u2013 ez egy taktikai csata, ahol a reflexek, a gyors d\u00f6nt\u00e9sek \u00e9s a csapatmunka hat\u00e1rozza meg a gy\u0151ztest.&#8221;<\/em><\/p>\n<p>A j\u00e1t\u00e9kosok c\u00e9lja, hogy kidobj\u00e1k az ellenf\u00e9l csapat\u00e1nak tagjait, mik\u00f6zben saj\u00e1t magukat \u00e9s t\u00e1rsaikat v\u00e9dik. Ez nem csup\u00e1n er\u0151 k\u00e9rd\u00e9se \u2013 a siker kulcsa a gyors reakci\u00f3id\u0151, a helyes id\u0151z\u00edt\u00e9s \u00e9s a csapatmunka.<\/p>\n<p>A j\u00e1t\u00e9k intenz\u00edv temp\u00f3ja miatt a folyamatos koncentr\u00e1ci\u00f3 \u00e9s a gyors helyzetfelismer\u00e9s elengedhetetlen. Egy j\u00f3l eldobott labda vagy egy \u00fcgyes kit\u00e9r\u00e9s d\u00f6nt\u0151 lehet, \u00edgy a kidob\u00f3s egyszerre fejleszti a reflexeket, az \u00e1ll\u00f3k\u00e9pess\u00e9get \u00e9s a strat\u00e9giai gondolkod\u00e1st. A sport l\u00e9nyege a gyors alkalmazkod\u00e1s \u00e9s az egy\u00fcttm\u0171k\u00f6d\u00e9s \u2013 hiszen egy j\u00f3 csapatmunka mindig el\u0151nyt jelent a p\u00e1ly\u00e1n.<\/p>\n<p><strong>KRE SC Kidob\u00f3s \u2013 Csatlakozz hozz\u00e1nk!<\/strong><br \/>\nRendszeresen szervez\u00fcnk kidob\u00f3s esem\u00e9nyeket, ahol minden \u00e9rdekl\u0151d\u0151 kipr\u00f3b\u00e1lhatja mag\u00e1t. Ha szereted a p\u00f6rg\u0151s j\u00e1t\u00e9kokat, szeretn\u00e9d fejleszteni reakci\u00f3id\u0151det, \u00e9s egy j\u00f3 hangulat\u00fa k\u00f6z\u00f6ss\u00e9g tagja lenn\u00e9l, ne habozz!<\/p>\n<p>Ak\u00e1r egy bar\u00e1ti kih\u00edv\u00e1sra, ak\u00e1r egy nagyobb versenyre v\u00e1gysz, n\u00e1lunk megtal\u00e1lod a helyed. Csatlakozz esem\u00e9nyeinkhez, \u00e9s l\u00e9gy r\u00e9szese ennek az energikus, izgalmas sportnak!<\/p>\n<p>Szakoszt\u00e1lyvezet\u0151: Orosz \u00c1d\u00e1m <u>(orosz.adam.richard@kre.hu)<\/u><\/p>\n<\/div>\n<\/details>\n<\/div>\n<div>\n<details>\n<summary><i class=\"fas fa-basketball\"><\/i> Kos\u00e1rlabda<\/summary>\n<div>\n<p><strong>KOS\u00c1RLABDA \u2013 SEBESS\u00c9G, STRAT\u00c9GIA \u00c9S EGY\u00dcTTM\u0170K\u00d6D\u00c9S<\/strong><\/p>\n<p><em>&#8222;A kos\u00e1rlabda nem csup\u00e1n egy sport, hanem egy lehet\u0151s\u00e9g arra, hogy \u00f6sszekapcsoljuk a sebess\u00e9get, az \u00fcgyess\u00e9get \u00e9s a csapatszellemet egy gy\u0151zelem\u00e9rt.&#8221;<\/em><\/p>\n<p>A kos\u00e1rlabda egy dinamikus, gyors temp\u00f3j\u00fa sport\u00e1g, amelyben k\u00e9t csapat k\u00fczd egym\u00e1ssal, mindk\u00e9t csapat c\u00e9lja, hogy min\u00e9l t\u00f6bb pontot szerezzen \u00fagy, hogy a labd\u00e1t az ellenf\u00e9l kosar\u00e1ba dobja. A m\u00e9rk\u0151z\u00e9sen a csapatok \u00f6t j\u00e1t\u00e9kosb\u00f3l \u00e1llnak, akik folyamatosan mozognak a p\u00e1ly\u00e1n, annak \u00e9rdek\u00e9ben, hogy a labda az ellenf\u00e9l kosar\u00e1ba ker\u00fclj\u00f6n, mik\u00f6zben megakad\u00e1lyozz\u00e1k a m\u00e1sik csapatot ugyanebben.<\/p>\n<p>A j\u00e1t\u00e9k egyik kulcsfontoss\u00e1g\u00fa eleme a folyamatos mozg\u00e1s. A gyors t\u00e1mad\u00e1sok \u00e9s a rugalmas v\u00e9dekez\u00e9s folyamatosan form\u00e1lj\u00e1k a m\u00e9rk\u0151z\u00e9st. A t\u00e1mad\u00f3 csapatok gyors passzokkal \u00e9s kreat\u00edv cselekkel pr\u00f3b\u00e1lnak helyzeteket kialak\u00edtani, m\u00edg a v\u00e9dekez\u0151 csapatok arra koncentr\u00e1lnak, hogy megakad\u00e1lyozz\u00e1k az ellenfelet a pontszerz\u00e9sben. A m\u00e9rk\u0151z\u00e9sek sor\u00e1n folyamatosan v\u00e1ltozik a j\u00e1t\u00e9k temp\u00f3ja: a gyors t\u00e1mad\u00e1sok gyors pontszerz\u00e9st hozhatnak, m\u00edg a hat\u00e9kony v\u00e9dekez\u00e9s lass\u00edthatja az ellenf\u00e9l k\u00eds\u00e9rleteit, \u00e9s lehet\u0151s\u00e9get adhat a kontr\u00e1kra. A csapatmunka a siker kulcsa \u2013 minden j\u00e1t\u00e9kos szerepe fontos, legyen sz\u00f3 t\u00e1mad\u00e1sr\u00f3l, v\u00e9dekez\u00e9sr\u0151l vagy a m\u00e9rk\u0151z\u00e9s kimenetele szempontj\u00e1b\u00f3l kulcsfontoss\u00e1g\u00fa dob\u00e1sokr\u00f3l.<\/p>\n<p><strong>KRE SC Kos\u00e1rlabda \u2013 Hobbi Edz\u00e9sek<\/strong><br \/>\nHa szereted a kos\u00e1rlabd\u00e1t n\u00e1lunk hobbi edz\u00e9seken, vagy versenyeken is r\u00e9szt vehetsz! Ezek az edz\u00e9sek lehet\u0151s\u00e9get adnak arra, hogy fejleszd kos\u00e1rlabd\u00e1s k\u00e9szs\u00e9geidet, mik\u00f6zben egy bar\u00e1ts\u00e1gos, t\u00e1mogat\u00f3 k\u00f6z\u00f6ss\u00e9g tagja leszel. A hobbi edz\u00e9seink sor\u00e1n a hangs\u00faly a sz\u00f3rakoz\u00e1son, a j\u00e1t\u00e9kon \u00e9s a csapatszellemen van \u2013 nem sz\u00fcks\u00e9ges versenytapasztalat, csak egy j\u00f3 hozz\u00e1\u00e1ll\u00e1s \u00e9s a kos\u00e1rlabda ir\u00e1nti szeretet.<\/p>\n<p>Minden \u00e9rdekl\u0151d\u0151t sz\u00edvesen v\u00e1runk, f\u00fcggetlen\u00fcl att\u00f3l, hogy kezd\u0151, vagy m\u00e1r tapasztalt j\u00e1t\u00e9kos vagy. Gyere el edz\u00e9seinkre, \u00e9s \u00e9ld meg a kos\u00e1rlabda adta \u00f6r\u00f6m\u00f6t \u00e9s kih\u00edv\u00e1sokat!<\/p>\n<p>Edz\u0151: S\u00e1rk\u00f6zy Borb\u00e1la \u00a0<a href=\"mailto:sarkozy.borka@googlemail.com\">(sarkozy.borka@googlemail.com)<\/a><\/p>\n<p>Edz\u00e9sek id\u0151pontja: <strong>h\u00e9tf\u0151, kedd 18:30-20:00<\/strong><br \/>\nHelysz\u00edn: h\u00e9tf\u0151: <strong>Patonyi L\u00e1szl\u00f3 Sportcsarnok<\/strong>, kedd: <strong>D25 tornaterem<\/strong><\/p>\n<\/div>\n<\/details>\n<\/div>\n<div>\n<details>\n<summary><i class=\"fas fa-chess\"><\/i> Sakk<\/summary>\n<div>\n<p><strong>KRE SC SAKK \u2013 STRAT\u00c9GI\u00c1K, TAKTIKA \u00c9S \u00c9LES ELME<\/strong><\/p>\n<p><em>\u201eA sakk nemcsak egy j\u00e1t\u00e9k \u2013 egy intellektu\u00e1lis k\u00fczdelem, ahol minden l\u00e9p\u00e9s sz\u00e1m\u00edt, \u00e9s a sikerhez m\u00e9ly koncentr\u00e1ci\u00f3, taktikai \u00e9rz\u00e9k \u00e9s hossz\u00fa t\u00e1v\u00fa strat\u00e9gia sz\u00fcks\u00e9ges.\u201d<\/em><\/p>\n<p>A sakk egy klasszikus strat\u00e9giai sport\u00e1g, ahol a j\u00e1t\u00e9kosok nem csup\u00e1n b\u00e1bukat mozgatnak, hanem egy komplex ment\u00e1lis k\u00fczdelmet v\u00edvnak. A j\u00e1t\u00e9k sor\u00e1n minden egyes l\u00e9p\u00e9s el\u0151re megfontolt d\u00f6nt\u00e9st ig\u00e9nyel, mik\u00f6zben a strat\u00e9gia \u00e9s a taktika alapvet\u0151 szerepet kap. A gy\u0151zelem nemcsak a technikai tud\u00e1son m\u00falik, hanem azon is, hogy a j\u00e1t\u00e9kos mennyire k\u00e9pes hossz\u00fa t\u00e1v\u00fa terveket k\u00e9sz\u00edteni, \u00e9s mik\u00e9nt reag\u00e1l az ellenf\u00e9l l\u00e9p\u00e9seire. A sakk a koncentr\u00e1ci\u00f3, a helyzetfelismer\u00e9s \u00e9s az el\u0151rel\u00e1t\u00e1s m\u0171v\u00e9szete, amely minden egyes parti sor\u00e1n \u00faj kih\u00edv\u00e1sokat k\u00edn\u00e1l.<\/p>\n<p><strong>KRE SC Sakk \u2013 Edz\u00e9sek \u00e9s K\u00f6z\u00f6ss\u00e9gi \u00c9lm\u00e9ny<br \/>\n<\/strong>Rendszeresen szervez\u00fcnk bar\u00e1ti \u00e9s egyetemi m\u00e9rk\u0151z\u00e9seket \u00e9s helyi bajnoks\u00e1gokat. Ak\u00e1r kezd\u0151 vagy, ak\u00e1r tapasztalt j\u00e1t\u00e9kos, n\u00e1lunk mindenki megtal\u00e1lhatja a fejl\u0151d\u00e9shez sz\u00fcks\u00e9ges t\u00e1mogat\u00e1st.<\/p>\n<p>Ha szereted a ment\u00e1lis kih\u00edv\u00e1sokat, a strat\u00e9giai tervez\u00e9st \u00e9s a koncentr\u00e1ci\u00f3t, csatlakozz programjainkhoz, \u00e9s \u00e9lvezd a sakk vil\u00e1g\u00e1nak izgalmas, t\u00e1mogat\u00f3 k\u00f6z\u00f6ss\u00e9gi \u00e9lm\u00e9nyeit!<\/p>\n<p>Szakoszt\u00e1lyvezet\u0151: Orosz \u00c1d\u00e1m <u>(orosz.adam.richard@kre.hu)<\/u><\/p>\n<\/div>\n<\/details>\n<\/div>\n<div>\n<details>\n<summary><i class=\"fas fa-person-hiking\"><\/i> Term\u00e9szetj\u00e1r\u00e1s<\/summary>\n<div>\n<p><strong>KRE SC TERM\u00c9SZETJ\u00c1R\u00c1S \u2013 A FELFEDEZ\u00c9S M\u0170V\u00c9SZETE<\/strong><\/p>\n<p><em>\u201eA term\u00e9szetj\u00e1r\u00e1s nem csup\u00e1n mozg\u00e1s \u2013 ez egy \u00e9lm\u00e9ny, ahol minden l\u00e9p\u00e9s \u00faj t\u00e1jakat, kih\u00edv\u00e1sokat \u00e9s felfedez\u00e9seket tartogat.\u201d<\/em><\/p>\n<p>A term\u00e9szetj\u00e1r\u00e1s a szabadt\u00e9ri kalandokat \u00e9s a term\u00e9szet csod\u00e1it \u00f6tv\u00f6zi. A t\u00far\u00e1k sor\u00e1n a r\u00e9sztvev\u0151k nemcsak a fizikai er\u0151nl\u00e9t\u00fcket tesztelik, hanem a term\u00e9szet sz\u00e9ps\u00e9geit is megismerhetik. Minden egyes t\u00fara egy \u00faj \u00e9lm\u00e9nyt k\u00edn\u00e1l, ahol a t\u00e1j v\u00e1ltozatoss\u00e1ga, a friss leveg\u0151 \u00e9s a nyugodt k\u00f6rnyezet mind hozz\u00e1j\u00e1rulnak a testi-lelki felt\u00f6lt\u0151d\u00e9shez. A siker kulcsa a kitart\u00e1sban \u00e9s a term\u00e9szethez val\u00f3 alkalmazkod\u00e1sban rejlik, mik\u00f6zben egy-egy t\u00fara sor\u00e1n nemcsak a fizikai, hanem a ment\u00e1lis er\u0151nl\u00e9t is fejl\u0151dik.<\/p>\n<p><strong>KRE SC Term\u00e9szetj\u00e1r\u00e1s \u2013 T\u00far\u00e1k \u00e9s K\u00f6z\u00f6ss\u00e9gi \u00c9lm\u00e9nyek<\/strong><br \/>\nRendszeresen szervez\u00fcnk t\u00far\u00e1kat, term\u00e9szetj\u00e1r\u00f3 rendezv\u00e9nyeket \u00e9s kalandokat, ahol b\u00e1rki kipr\u00f3b\u00e1lhatja mag\u00e1t a term\u00e9szetben. Ak\u00e1r tapasztalt t\u00far\u00e1z\u00f3 vagy, ak\u00e1r most ismerkedsz a term\u00e9szetj\u00e1r\u00e1s vil\u00e1g\u00e1val, n\u00e1lunk lehet\u0151s\u00e9ged van felfedezni a k\u00f6rnyezetedet, mik\u00f6zben egy t\u00e1mogat\u00f3 k\u00f6z\u00f6ss\u00e9g r\u00e9sz\u00e9v\u00e9 v\u00e1lsz.<\/p>\n<p>Ha szereted a kih\u00edv\u00e1sokat, a friss leveg\u0151t \u00e9s a term\u00e9szet csod\u00e1it, csatlakozz programjainkhoz, \u00e9s tapasztald meg a term\u00e9szetj\u00e1r\u00e1s izgalmas \u00e9lm\u00e9nyeit egy lelkes k\u00f6z\u00f6ss\u00e9gben!<\/p>\n<p>Sportk\u00f6r vezet\u0151: Pagony M\u00f3nika\u00a0(<u>pagony.monika@kre.hu)<\/u><\/p>\n<\/div>\n<\/details>\n<\/div>\n","protected":false},"excerpt":{"rendered":"<p>E-sport E-SPORT \u2013 PREC\u00cdZI\u00d3, GYORSAS\u00c1G \u00c9S STRAT\u00c9GIAI GONDOLKOD\u00c1S &#8222;Az e-sport nem csup\u00e1n reflexekr\u0151l sz\u00f3l \u2013 a sikerhez strat\u00e9giai \u00e9rz\u00e9k, gyors d\u00f6nt\u00e9shozatal \u00e9s folyamatos fejl\u0151d\u00e9s sz\u00fcks\u00e9ges.&#8221; Az e-sport egy rendk\u00edv\u00fcl \u00f6sszetett \u00e9s folyamatosan fejl\u0151d\u0151 versenyforma, ahol a j\u00e1t\u00e9kosok k\u00fcl\u00f6nb\u00f6z\u0151 digit\u00e1lis platformokon m\u00e9rk\u0151znek meg egym\u00e1ssal. A m\u0171fajok sz\u00e9les sk\u00e1l\u00e1n mozognak: a taktikai csapatj\u00e1t\u00e9kot ig\u00e9nyl\u0151 MOBA \u00e9s FPS [&hellip;]<\/p>\n","protected":false},"author":1,"featured_media":0,"parent":0,"menu_order":0,"comment_status":"closed","ping_status":"closed","template":"","meta":{"footnotes":""},"class_list":["post-604","page","type-page","status-publish","hentry"],"_links":{"self":[{"href":"https:\/\/portal.kre.hu\/kresc\/wp-json\/wp\/v2\/pages\/604","targetHints":{"allow":["GET"]}}],"collection":[{"href":"https:\/\/portal.kre.hu\/kresc\/wp-json\/wp\/v2\/pages"}],"about":[{"href":"https:\/\/portal.kre.hu\/kresc\/wp-json\/wp\/v2\/types\/page"}],"author":[{"embeddable":true,"href":"https:\/\/portal.kre.hu\/kresc\/wp-json\/wp\/v2\/users\/1"}],"replies":[{"embeddable":true,"href":"https:\/\/portal.kre.hu\/kresc\/wp-json\/wp\/v2\/comments?post=604"}],"version-history":[{"count":5,"href":"https:\/\/portal.kre.hu\/kresc\/wp-json\/wp\/v2\/pages\/604\/revisions"}],"predecessor-version":[{"id":677,"href":"https:\/\/portal.kre.hu\/kresc\/wp-json\/wp\/v2\/pages\/604\/revisions\/677"}],"wp:attachment":[{"href":"https:\/\/portal.kre.hu\/kresc\/wp-json\/wp\/v2\/media?parent=604"}],"curies":[{"name":"wp","href":"https:\/\/api.w.org\/{rel}","templated":true}]}}