{"id":629,"date":"2025-08-21T09:06:16","date_gmt":"2025-08-21T07:06:16","guid":{"rendered":"https:\/\/portal.kre.hu\/kresc\/?page_id=629"},"modified":"2026-02-27T09:53:45","modified_gmt":"2026-02-27T08:53:45","slug":"roplabda","status":"publish","type":"page","link":"https:\/\/portal.kre.hu\/kresc\/roplabda\/","title":{"rendered":"R\u00f6plabda"},"content":{"rendered":"<div style=\"text-align: center;\">\n<ul class=\"inner-menu\">\n<li><a class=\"inner-menu-item\" href=\"#bemutatkozas\">Bemutatkoz\u00e1s<\/a><\/li>\n<li><a class=\"inner-menu-item\" href=\"#nbii\">NB II<\/a><\/li>\n<li><a class=\"inner-menu-item\" href=\"#budapestii\">Budapest II<\/a><\/li>\n<li><a class=\"inner-menu-item\" href=\"#amator\">Amat\u0151r<\/a><\/li>\n<li><a class=\"inner-menu-item\" href=\"#strandroplabda\">Strandr\u00f6plabda<\/a><\/li>\n<\/ul>\n<\/div>\n<div style=\"clear: both;\"><\/div>\n<h3 id=\"bemutatkozas\">R\u00d6PLABDA \u2013 \u00d6SSZHANG, DINAMIKA \u00c9S STRAT\u00c9GIA<\/h3>\n<p><em>&#8222;A r\u00f6plabda nem csak egy sport \u2013 ez egy ritmus, egy \u00f6sszhang, ahol minden mozdulat sz\u00e1m\u00edt.&#8221;<\/em><\/p>\n<p>A r\u00f6plabda egy gyors, prec\u00edz \u00e9s csapatk\u00f6zpont\u00fa labdaj\u00e1t\u00e9k, amelyben a lend\u00fclet, a taktikai \u00e9rz\u00e9k \u00e9s a pontos kivitelez\u00e9s kulcsszerepet j\u00e1tszanak. A j\u00e1t\u00e9k sor\u00e1n a csapatoknak h\u00e1rom \u00e9rint\u00e9s\u00fck van arra, hogy a lehet\u0151 legjobb t\u00e1mad\u00e1st \u00e9p\u00edts\u00e9k fel. Ez az \u00e1lland\u00f3 mozg\u00e1s \u00e9s d\u00f6nt\u00e9shozatal teszi a r\u00f6plabd\u00e1t igaz\u00e1n k\u00fcl\u00f6nlegess\u00e9: nemcsak fizikailag, hanem ment\u00e1lisan is nagy kih\u00edv\u00e1st jelent.<\/p>\n<p>A sport\u00e1g egyik legnagyobb sz\u00e9ps\u00e9ge az \u00f6sszhang, hiszen egyetlen j\u00e1t\u00e9kos sem k\u00e9pes egyed\u00fcl sikert el\u00e9rni. A t\u00f6k\u00e9letes passzok, a j\u00f3l id\u0151z\u00edtett s\u00e1ncok \u00e9s az er\u0151teljes le\u00fct\u00e9sek csak akkor vezetnek eredm\u00e9nyre, ha a csapat minden tagja \u00f6sszedolgozik. A r\u00f6plabda fejleszti a reakci\u00f3id\u0151t, a t\u00e9rl\u00e1t\u00e1st \u00e9s a koncentr\u00e1ci\u00f3t, mik\u00f6zben dinamikus \u00e9s izgalmas j\u00e1t\u00e9klehet\u0151s\u00e9get biztos\u00edt minden r\u00e9sztvev\u0151 sz\u00e1m\u00e1ra.<\/p>\n<h3 id=\"nbii\">KRE SC R\u00f6plabda \u2013 NB II.<\/h3>\n<p>N\u0151i csapatunk az NB II.-ben m\u00e9retteti meg mag\u00e1t, \u00e9s olyan elhivatott j\u00e1t\u00e9kosokat v\u00e1runk, akik m\u00e1r rendelkeznek versenytapasztalattal, vagy komolyan gondolj\u00e1k a versenysportot. Ha \u00fagy \u00e9rzed, hogy k\u00e9szen \u00e1llsz a kih\u00edv\u00e1sra, \u00e9s szeretn\u00e9l egy fejl\u0151d\u0151, \u00f6sszetart\u00f3 k\u00f6z\u00f6ss\u00e9g r\u00e9sz\u00e9v\u00e9 v\u00e1lni, n\u00e1lunk a helyed!<\/p>\n<p>A csatlakoz\u00e1s lehet\u0151s\u00e9ge egy\u00e9ni megbesz\u00e9l\u00e9st ig\u00e9nyel az edz\u0151vel \u00e9s a szakoszt\u00e1lyvezet\u0151vel. Ne habozz, l\u00e9pj a p\u00e1ly\u00e1ra vel\u00fcnk, \u00e9s mutasd meg, mit tudsz!<\/p>\n<div>\n<details>\n<summary>M\u00e9rk\u0151z\u00e9sek<\/summary>\n<table>\n<tbody>\n<tr>\n<td>2026.03.01. 16:00<\/td>\n<td style=\"background-color: #0000ff; color: #fff;\">R\u00f6plabda NB II<\/td>\n<td>PTE-PEAC<\/td>\n<td><strong>KRE SC<\/strong><\/td>\n<\/tr>\n<tr>\n<td>2026.03.07. 17:00<\/td>\n<td style=\"background-color: #0000ff; color: #fff;\">R\u00f6plabda NB II<\/td>\n<td>MATE &#8211; GEAC Z\u00f6ld<\/td>\n<td><strong>KRE SC<\/strong><\/td>\n<\/tr>\n<tr>\n<td>2026.03.22. 18:00<\/td>\n<td style=\"background-color: #0000ff; color: #fff;\">R\u00f6plabda NB II<\/td>\n<td>Emericus-BDSE<\/td>\n<td><strong>KRE SC<\/strong><\/td>\n<\/tr>\n<tr>\n<td>2026.03.29. 18:00<\/td>\n<td style=\"background-color: #0000ff; color: #fff;\">R\u00f6plabda NB II<\/td>\n<td><strong>KRE SC<\/strong><\/td>\n<td>K\u00f6zg\u00e1z &#8211; Corvinus<\/td>\n<\/tr>\n<tr>\n<td>2026.04.12. 18:00<\/td>\n<td style=\"background-color: #0000ff; color: #fff;\">R\u00f6plabda NB II<\/td>\n<td>SMAFC 186-Soproni Egyetem<\/td>\n<td><strong>KRE SC<\/strong><\/td>\n<\/tr>\n<tr>\n<td>2026.04.18. 18:00<\/td>\n<td style=\"background-color: #0000ff; color: #fff;\">R\u00f6plabda NB II<\/td>\n<td><strong>KRE SC<\/strong><\/td>\n<td>PTE-PEAC<\/td>\n<\/tr>\n<\/tbody>\n<\/table>\n<p>&nbsp;<\/p>\n<\/details>\n<\/div>\n<div>\n<details>\n<summary>Tabella<\/summary>\n<p>Hamarosan..<\/p>\n<\/details>\n<\/div>\n<div>\n<details>\n<summary>Gal\u00e9ria<\/summary>\n<p>Hamarosan..<\/p>\n<\/details>\n<\/div>\n<div>\n<details>\n<summary>El\u00e9rhet\u0151s\u00e9g<\/summary>\n<p>Szakoszt\u00e1lyvezet\u0151 \u00e9s edz\u0151: Ko Henrietta (ko.henrietta@kre.hu)<\/p>\n<p>Edz\u00e9sek id\u0151pontja: <b>kedd, cs\u00fct\u00f6rt\u00f6k 18:00-20:00<\/b><br \/>\nHelysz\u00edn: <b>Patonyi L\u00e1szl\u00f3 Sportcsarnok<\/b><\/p>\n<\/details>\n<\/div>\n<h3 id=\"budapestii\">Budapest II.<\/h3>\n<div>\n<details>\n<summary>M\u00e9rk\u0151z\u00e9sek<\/summary>\n<table>\n<tbody>\n<tr>\n<td>2026.03.02. 20:30<\/td>\n<td style=\"background-color: #00ffff;\">F\u00e9rfi BP II. r\u00f6plabda<\/td>\n<td>MAFC-BME<\/td>\n<td style=\"font-weight: bold;\">KRE SC<\/td>\n<\/tr>\n<tr>\n<td>2026.03.09. 18:15<\/td>\n<td style=\"background-color: #00ffff;\">F\u00e9rfi BP II. r\u00f6plabda<\/td>\n<td>Mal\u00e9v SC<\/td>\n<td style=\"font-weight: bold;\">KRE SC<\/td>\n<\/tr>\n<tr>\n<td>2026.03.11. 18:30<\/td>\n<td style=\"background-color: #00ffff;\">F\u00e9rfi BP II. r\u00f6plabda<\/td>\n<td style=\"font-weight: bold;\">KRE SC<\/td>\n<td>R\u00e1ckeve<\/td>\n<\/tr>\n<tr>\n<td>2026.03.16. 20:50<\/td>\n<td style=\"background-color: #00ffff;\">F\u00e9rfi BP II. r\u00f6plabda<\/td>\n<td>Panor\u00e1ma<\/td>\n<td style=\"font-weight: bold;\">KRE SC<\/td>\n<\/tr>\n<tr>\n<td>2026.03.25. 18:30<\/td>\n<td style=\"background-color: #00ffff;\">F\u00e9rfi BP II. r\u00f6plabda<\/td>\n<td style=\"font-weight: bold;\">KRE SC<\/td>\n<td>Sportathlon SE<\/td>\n<\/tr>\n<tr>\n<td>2026.04.01. 18:30<\/td>\n<td style=\"background-color: #00ffff;\">F\u00e9rfi BP II. r\u00f6plabda<\/td>\n<td>DKLSN<\/td>\n<td style=\"font-weight: bold;\">KRE SC<\/td>\n<\/tr>\n<tr>\n<td>2026.04.08. 18:30<\/td>\n<td style=\"background-color: #00ffff;\">F\u00e9rfi BP II. r\u00f6plabda<\/td>\n<td style=\"font-weight: bold;\">KRE SC<\/td>\n<td>PDSE<\/td>\n<\/tr>\n<tr>\n<td>2026.04.16. 18:30<\/td>\n<td style=\"background-color: #00ffff;\">F\u00e9rfi BP II. r\u00f6plabda<\/td>\n<td style=\"font-weight: bold;\">KRE SC<\/td>\n<td>DKLSN<\/td>\n<\/tr>\n<tr>\n<td>2026.04.22. 18:30<\/td>\n<td style=\"background-color: #00ffff;\">F\u00e9rfi BP II. r\u00f6plabda<\/td>\n<td style=\"font-weight: bold;\">KRE SC<\/td>\n<td>Ward-Darazsak<\/td>\n<\/tr>\n<tr>\n<td>2026.04.27. 20:30<\/td>\n<td style=\"background-color: #00ffff;\">F\u00e9rfi BP II. r\u00f6plabda<\/td>\n<td>MAFC-Sch\u00f6nherz<\/td>\n<td style=\"font-weight: bold;\">KRE SC<\/td>\n<\/tr>\n<tr>\n<td>2026.05.09. 9:30<\/td>\n<td style=\"background-color: #00ffff;\">F\u00e9rfi BP II. r\u00f6plabda<\/td>\n<td>KEAC SC<\/td>\n<td style=\"font-weight: bold;\">KRE SC<\/td>\n<\/tr>\n<tr>\n<td>2026.03.12. 20:30<\/td>\n<td style=\"background-color: #3d85c6;\">N\u0151i BP I. r\u00f6plabda<\/td>\n<td style=\"font-weight: bold;\">KRE SC<\/td>\n<td>Mozdulj SE<\/td>\n<\/tr>\n<tr>\n<td>2026.03.20. 20:40<\/td>\n<td style=\"background-color: #3d85c6;\">N\u0151i BP I. r\u00f6plabda<\/td>\n<td>KSE<\/td>\n<td style=\"font-weight: bold;\">KRE SC<\/td>\n<\/tr>\n<tr>\n<td>2026.03.26. 19:30<\/td>\n<td style=\"background-color: #3d85c6;\">N\u0151i BP I. r\u00f6plabda<\/td>\n<td style=\"font-weight: bold;\">KRE SC<\/td>\n<td>MTK<\/td>\n<\/tr>\n<tr>\n<td>2026.04.09. 18:50<\/td>\n<td style=\"background-color: #3d85c6;\">N\u0151i BP I. r\u00f6plabda<\/td>\n<td>Emericus SE<\/td>\n<td style=\"font-weight: bold;\">KRE SC<\/td>\n<\/tr>\n<tr>\n<td>2026.04.16. 19:30<\/td>\n<td style=\"background-color: #3d85c6;\">N\u0151i BP I. r\u00f6plabda<\/td>\n<td style=\"font-weight: bold;\">KRE SC<\/td>\n<td>BEAC<\/td>\n<\/tr>\n<tr>\n<td>2026.04.23. 20:20<\/td>\n<td style=\"background-color: #3d85c6;\">N\u0151i BP I. r\u00f6plabda<\/td>\n<td>MAFC-\u00c9PK<\/td>\n<td style=\"font-weight: bold;\">KRE SC<\/td>\n<\/tr>\n<tr>\n<td>2026.06.07. 19:30<\/td>\n<td style=\"background-color: #3d85c6;\">N\u0151i BP I. r\u00f6plabda<\/td>\n<td style=\"font-weight: bold;\">KRE SC<\/td>\n<td>Vasas SC<\/td>\n<\/tr>\n<\/tbody>\n<\/table>\n<p>&nbsp;<\/p>\n<\/details>\n<\/div>\n<div>\n<details>\n<summary>Tabella<\/summary>\n<p>Hamarosan..<\/p>\n<\/details>\n<\/div>\n<div>\n<details>\n<summary>Gal\u00e9ria<\/summary>\n<p>Hamarosan..<\/p>\n<\/details>\n<\/div>\n<div>\n<details>\n<summary>El\u00e9rhet\u0151s\u00e9g<\/summary>\n<p>Edz\u0151k: Bene Gerg\u0151 (gergo.bene.becsky@gmail.com)<br \/>\nBerecz Lajos (lalab72@gmail.com)<\/p>\n<p>Edz\u00e9sek id\u0151pontja: <b>h\u00e9tf\u0151, szerda 18:00-19:30<\/b><br \/>\nHelysz\u00edn: <b>D25 tornaterem<\/b><\/p>\n<\/details>\n<\/div>\n<h3 id=\"amator\">Amat\u0151r<\/h3>\n<p><strong>KRE SC R\u00f6plabda \u2013 Edz\u00e9sek \u00e9s k\u00f6z\u00f6ss\u00e9gi j\u00e1t\u00e9kok<\/strong><br \/>\nHa egy p\u00f6rg\u0151s, izgalmas k\u00f6z\u00f6ss\u00e9gi \u00e9lm\u00e9nyt keresel, csatlakozz hozz\u00e1nk, \u00e9s tapasztald meg a r\u00f6plabda lend\u00fclet\u00e9t bar\u00e1ts\u00e1gos, t\u00e1mogat\u00f3 k\u00f6rnyezetben, amelyet mind fi\u00faknak, mind l\u00e1nyoknak aj\u00e1nlunk!<\/p>\n<p>Edz\u0151: Bene Gerg\u0151\u00a0<a href=\"mailto:gergo.bene.becsky@gmail.com\">gergo.bene.becsky@gmail.com<\/a><br \/>\nBerecz Lajos\u00a0<a href=\"mailto:lalab72@gmail.com\">lalab72@gmail.com<\/a><\/p>\n<p>Edz\u00e9sek id\u0151pontja: F\u00e9rfi: <strong>cs\u00fct\u00f6rt\u00f6k, p\u00e9ntek: 16:00-18:00<\/strong>; N\u0151i: <strong>cs\u00fct\u00f6rt\u00f6k, p\u00e9ntek 18:00-20:00<\/strong><br \/>\nHelysz\u00edn: <strong>D25 tornaterem<\/strong><\/p>\n<h3 id=\"strandroplabda\">Strandr\u00f6plabda<\/h3>\n<p><strong>STRANDR\u00d6PLABDA \u2013 RITMUS, TECHNIKA \u00c9S NY\u00c1RI \u00c9LET\u00c9RZ\u00c9S<\/strong><br \/>\n<em>\u201eA homokban minden ugr\u00e1s magasabbnak t\u0171nik, minden labda\u00e9let pedig egy pillanatnyi d\u00f6nt\u00e9sen m\u00falik.\u201d<\/em><\/p>\n<p>A strandr\u00f6plabda a klasszikus r\u00f6plabda ny\u00e1ri, szabadabb \u00e9s laz\u00e1bb, m\u00e9gis rendk\u00edv\u00fcl technik\u00e1s v\u00e1ltozata. K\u00e9t-k\u00e9t j\u00e1t\u00e9kos \u00e1ll a p\u00e1ly\u00e1n, \u00edgy minden egyes mozdulatnak \u00e9s d\u00f6nt\u00e9snek kiemelt jelent\u0151s\u00e9ge van. Ez a j\u00e1t\u00e9k az \u00f6sszhang, a gyors reakci\u00f3k \u00e9s a folyamatos mozg\u00e1s sportja \u2013 mik\u00f6zben a napf\u00e9ny, a homok \u00e9s a szabad leveg\u0151 garant\u00e1lja az igazi ny\u00e1ri hangulatot.<\/p>\n<p>A kisebb p\u00e1lya, az intenz\u00edv temp\u00f3 \u00e9s a limit\u00e1lt \u00e9rint\u00e9ssz\u00e1m miatt a strandr\u00f6plabda k\u00fcl\u00f6n\u00f6sen alkalmas arra, hogy fejlessze az \u00e1ll\u00f3k\u00e9pess\u00e9get, a t\u00e9rl\u00e1t\u00e1st \u00e9s a technikai pontoss\u00e1got. Mivel nincs csere, minden j\u00e1t\u00e9kosnak univerz\u00e1lisan kell helyt\u00e1llnia \u2013 a fogad\u00e1s, felad\u00e1s \u00e9s le\u00fct\u00e9s is az \u0151 feladata.<\/p>\n<p>A szezon sor\u00e1n lehet\u0151s\u00e9g ny\u00edlik bar\u00e1ts\u00e1gos strandr\u00f6plabda-versenyeken val\u00f3 r\u00e9szv\u00e9telre is, \u00edgy a tanultak \u00e9les helyzetben is kipr\u00f3b\u00e1lhat\u00f3k.<\/p>\n","protected":false},"excerpt":{"rendered":"<p>Bemutatkoz\u00e1s NB II Budapest II Amat\u0151r Strandr\u00f6plabda R\u00d6PLABDA \u2013 \u00d6SSZHANG, DINAMIKA \u00c9S STRAT\u00c9GIA &#8222;A r\u00f6plabda nem csak egy sport \u2013 ez egy ritmus, egy \u00f6sszhang, ahol minden mozdulat sz\u00e1m\u00edt.&#8221; A r\u00f6plabda egy gyors, prec\u00edz \u00e9s csapatk\u00f6zpont\u00fa labdaj\u00e1t\u00e9k, amelyben a lend\u00fclet, a taktikai \u00e9rz\u00e9k \u00e9s a pontos kivitelez\u00e9s kulcsszerepet j\u00e1tszanak. A j\u00e1t\u00e9k sor\u00e1n a csapatoknak h\u00e1rom [&hellip;]<\/p>\n","protected":false},"author":1,"featured_media":0,"parent":0,"menu_order":0,"comment_status":"closed","ping_status":"closed","template":"","meta":{"footnotes":""},"class_list":["post-629","page","type-page","status-publish","hentry"],"_links":{"self":[{"href":"https:\/\/portal.kre.hu\/kresc\/wp-json\/wp\/v2\/pages\/629","targetHints":{"allow":["GET"]}}],"collection":[{"href":"https:\/\/portal.kre.hu\/kresc\/wp-json\/wp\/v2\/pages"}],"about":[{"href":"https:\/\/portal.kre.hu\/kresc\/wp-json\/wp\/v2\/types\/page"}],"author":[{"embeddable":true,"href":"https:\/\/portal.kre.hu\/kresc\/wp-json\/wp\/v2\/users\/1"}],"replies":[{"embeddable":true,"href":"https:\/\/portal.kre.hu\/kresc\/wp-json\/wp\/v2\/comments?post=629"}],"version-history":[{"count":6,"href":"https:\/\/portal.kre.hu\/kresc\/wp-json\/wp\/v2\/pages\/629\/revisions"}],"predecessor-version":[{"id":696,"href":"https:\/\/portal.kre.hu\/kresc\/wp-json\/wp\/v2\/pages\/629\/revisions\/696"}],"wp:attachment":[{"href":"https:\/\/portal.kre.hu\/kresc\/wp-json\/wp\/v2\/media?parent=629"}],"curies":[{"name":"wp","href":"https:\/\/api.w.org\/{rel}","templated":true}]}}