{"id":632,"date":"2025-08-21T09:13:18","date_gmt":"2025-08-21T07:13:18","guid":{"rendered":"https:\/\/portal.kre.hu\/kresc\/?page_id=632"},"modified":"2026-02-27T09:02:39","modified_gmt":"2026-02-27T08:02:39","slug":"futsal","status":"publish","type":"page","link":"https:\/\/portal.kre.hu\/kresc\/futsal\/","title":{"rendered":"Futsal"},"content":{"rendered":"<div style=\"text-align: center;\">\n<ul class=\"inner-menu\">\n<li><a class=\"inner-menu-item\" href=\"#bemutatkozas\">Bemutatkoz\u00e1s<\/a><\/li>\n<li><a class=\"inner-menu-item\" href=\"#nbiii\">NB III<\/a><\/li>\n<li><a class=\"inner-menu-item\" href=\"#amator\">Amat\u0151r<\/a><\/li>\n<\/ul>\n<\/div>\n<div style=\"clear: both;\"><\/div>\n<h3 id=\"bemutatkozas\">FUTSAL \u2013 A GYORSAS\u00c1G \u00c9S TECHNIKA J\u00c1T\u00c9KA<\/h3>\n<p><em>&#8222;A labda gyorsabb, mint a j\u00e1t\u00e9kos \u2013 ez\u00e9rt a gondolkod\u00e1snak is annak kell lennie.&#8221;<\/em><\/p>\n<p>A futsal egy rendk\u00edv\u00fcl intenz\u00edv \u00e9s technik\u00e1s sport\u00e1g, amely a labdar\u00fag\u00e1s alapelveit haszn\u00e1lja, a futball \u201ekistestv\u00e9r\u00e9nek\u201d is szokt\u00e1k nevezni. Az \u00f6t f\u0151s csapatoknak folyamatosan mozg\u00e1sban kell lenni\u00fck, hiszen a m\u00e9rk\u0151z\u00e9s szinte egyetlen pillanatra sem \u00e1ll meg. A kisebb p\u00e1ly\u00e1nak k\u00f6sz\u00f6nhet\u0151en a j\u00e1t\u00e9kosoknak kiv\u00e1l\u00f3 labdakezel\u00e9sre, gyors d\u00f6nt\u00e9shozatalra \u00e9s prec\u00edz passzokra van sz\u00fcks\u00e9g\u00fck, hogy eredm\u00e9nyesen t\u00e1madhassanak \u00e9s v\u00e9dekezhessenek.<\/p>\n<p>A futsal egyik legnagyobb er\u0151ss\u00e9ge, hogy fejleszti a reakci\u00f3id\u0151t, a kreativit\u00e1st \u00e9s a helyzetfelismer\u00e9st. A j\u00e1t\u00e9kosoknak k\u00e9pesnek kell lenni\u00fck arra, hogy sz\u0171k ter\u00fcleten is megtarts\u00e1k a labd\u00e1t, gyorsan kombin\u00e1ljanak t\u00e1rsaikkal, \u00e9s egy pillanat alatt helyzetet teremtsenek vagy h\u00e1r\u00edtsanak. Az \u00e1lland\u00f3 nyom\u00e1s \u00e9s a nagy temp\u00f3 miatt ez a sport nemcsak fizikailag, hanem ment\u00e1lisan is komoly kih\u00edv\u00e1s el\u00e9 \u00e1ll\u00edtja a j\u00e1t\u00e9kosokat.<\/p>\n<h3 id=\"nbiii\">KRE SC Futsal \u2013 NB III.<\/h3>\n<p>F\u00e9rfi csapatunk a versenysport vil\u00e1g\u00e1ban is bizony\u00edt, hiszen az NB III.-ban h\u00e9tr\u0151l h\u00e9tre megm\u00e9rettetj\u00fck magunkat. Ha kor\u00e1bban m\u00e1r versenyezt\u00e9l, vagy elsz\u00e1nt vagy \u00e9s szeretn\u00e9d magad kipr\u00f3b\u00e1lni egy versenycsapatban, lehet\u0151s\u00e9ged van csatlakozni! Az edz\u00e9seken \u00e9s m\u00e9rk\u0151z\u00e9seken val\u00f3 r\u00e9szv\u00e9telhez egyeztet\u00e9s sz\u00fcks\u00e9ges az edz\u0151vel \u00e9s a szakoszt\u00e1lyvezet\u0151vel.<\/p>\n<p>Ha k\u00e9szen \u00e1llsz a kih\u00edv\u00e1sra \u00e9s szeretn\u00e9l egy fejl\u0151d\u0151 csapat r\u00e9sze lenni, v\u00e1runk a p\u00e1ly\u00e1n!<\/p>\n<div>\n<details>\n<summary>M\u00e9rk\u0151z\u00e9sek<\/summary>\n<table>\n<tbody>\n<tr>\n<td>2026. 03. 04. 20:30<\/td>\n<td style=\"background-color: #00ff00;\">Futsal NB III<\/td>\n<td>TFSE-TENT-Budapest II.<\/td>\n<td style=\"font-weight: bold;\">KRE SC<\/td>\n<\/tr>\n<tr>\n<td>2026. 03. 09. 21:00<\/td>\n<td style=\"background-color: #00ff00;\">Futsal NB III<\/td>\n<td style=\"font-weight: bold;\">KRE SC<\/td>\n<td>Hidegk\u00fati SC<\/td>\n<\/tr>\n<tr>\n<td>2026. 03. 17. 20:30<\/td>\n<td style=\"background-color: #00ff00;\">Futsal NB III<\/td>\n<td>Palota SE<\/td>\n<td style=\"font-weight: bold;\">KRE SC<\/td>\n<\/tr>\n<tr>\n<td>2026. 03. 23. 21:00<\/td>\n<td style=\"background-color: #00ff00;\">Futsal NB III<\/td>\n<td style=\"font-weight: bold;\">KRE SC<\/td>\n<td>Cs\u00f6m\u00f6ri KSK<\/td>\n<\/tr>\n<tr>\n<td>2026. 04. 01. 19:10<\/td>\n<td style=\"background-color: #00ff00;\">Futsal NB III<\/td>\n<td>SSC-Budapest<\/td>\n<td style=\"font-weight: bold;\">KRE SC<\/td>\n<\/tr>\n<tr>\n<td>2026. 04. 07. 21:00<\/td>\n<td style=\"background-color: #00ff00;\">Futsal NB III<\/td>\n<td style=\"font-weight: bold;\">KRE SC<\/td>\n<td>Ludovika SE<\/td>\n<\/tr>\n<tr>\n<td>2026. 04. 13. 21:00<\/td>\n<td style=\"background-color: #00ff00;\">Futsal NB III<\/td>\n<td>Kistarcsai VSC II.<\/td>\n<td style=\"font-weight: bold;\">KRE SC<\/td>\n<\/tr>\n<tr>\n<td>2026. 04. 20. 21:00<\/td>\n<td style=\"background-color: #00ff00;\">Futsal NB III<\/td>\n<td style=\"font-weight: bold;\">KRE SC<\/td>\n<td>Csakacsel Futsal<\/td>\n<\/tr>\n<\/tbody>\n<\/table>\n<\/details>\n<\/div>\n<div>\n<details>\n<summary>Tabella<\/summary>\n<p>Hamarosan..<\/p>\n<\/details>\n<\/div>\n<div>\n<details>\n<summary>Gal\u00e9ria<\/summary>\n<p>Hamarosan..<\/p>\n<\/details>\n<\/div>\n<div>\n<details>\n<summary>El\u00e9rhet\u0151s\u00e9g<\/summary>\n<p>Szakoszt\u00e1lyvezet\u0151: Orosz \u00c1d\u00e1m Rich\u00e1rd <u>(orosz.adam.richard@kre.hu)<br \/>\n<\/u>Edz\u0151k: P\u00e1sztor Dominik\u00a0<u>(pasztor.dominik96@gmail.com)<\/u><br \/>\nSomogyi Endre\u00a0<u>(endresomogyi27@gmail.com)<br \/>\n<\/u>Edz\u00e9sek id\u0151pontja: <strong>kedd, cs\u00fct\u00f6rt\u00f6k 20:00-21:00<\/strong><br \/>\nHelysz\u00edn: <strong>Patonyi L\u00e1szl\u00f3 Sportcsarnok<\/strong><\/p>\n<\/details>\n<\/div>\n<h3 id=\"amator\">Amat\u0151r<\/h3>\n<p><strong>KRE SC Futsal \u2013 Edz\u00e9sek \u00e9s k\u00f6z\u00f6ss\u00e9gi j\u00e1t\u00e9kok<\/strong><br \/>\nHa egy p\u00f6rg\u0151s, izgalmas k\u00f6z\u00f6ss\u00e9gi \u00e9lm\u00e9nyt keresel, csatlakozz hozz\u00e1nk, \u00e9s tapasztald meg a futsal lend\u00fclet\u00e9t bar\u00e1ts\u00e1gos, t\u00e1mogat\u00f3 k\u00f6rnyezetben, amelyet mind fi\u00faknak, mind l\u00e1nyoknak aj\u00e1nlunk!<\/p>\n<p>F\u00e9rfi futsal: Edz\u0151: P\u00e1sztor Dominik <u>(pasztor.dominik96@gmail.com)<\/u><br \/>\nSomogyi Endre\u00a0<u>(endresomogyi27@gmail.com)<\/u><\/p>\n<p>N\u0151i futsal: Edz\u0151: Orosz \u00c1d\u00e1m <u>(orosz.adam.richard@kre.hu)<\/u><\/p>\n<p>Edz\u00e9sek id\u0151pontja:<br \/>\nF\u00e9rfi: <strong>szerda 20:00-21:00, p\u00e9ntek 19:00-21:00<\/strong>; N\u0151i: <strong>h\u00e9tf\u0151 20:00-21:00<\/strong>.<br \/>\nHelysz\u00edn: <strong>Patonyi L\u00e1szl\u00f3 Sportcsarnok<\/strong><\/p>\n","protected":false},"excerpt":{"rendered":"<p>Bemutatkoz\u00e1s NB III Amat\u0151r FUTSAL \u2013 A GYORSAS\u00c1G \u00c9S TECHNIKA J\u00c1T\u00c9KA &#8222;A labda gyorsabb, mint a j\u00e1t\u00e9kos \u2013 ez\u00e9rt a gondolkod\u00e1snak is annak kell lennie.&#8221; A futsal egy rendk\u00edv\u00fcl intenz\u00edv \u00e9s technik\u00e1s sport\u00e1g, amely a labdar\u00fag\u00e1s alapelveit haszn\u00e1lja, a futball \u201ekistestv\u00e9r\u00e9nek\u201d is szokt\u00e1k nevezni. Az \u00f6t f\u0151s csapatoknak folyamatosan mozg\u00e1sban kell lenni\u00fck, hiszen a m\u00e9rk\u0151z\u00e9s [&hellip;]<\/p>\n","protected":false},"author":1,"featured_media":0,"parent":0,"menu_order":0,"comment_status":"closed","ping_status":"closed","template":"","meta":{"footnotes":""},"class_list":["post-632","page","type-page","status-publish","hentry"],"_links":{"self":[{"href":"https:\/\/portal.kre.hu\/kresc\/wp-json\/wp\/v2\/pages\/632","targetHints":{"allow":["GET"]}}],"collection":[{"href":"https:\/\/portal.kre.hu\/kresc\/wp-json\/wp\/v2\/pages"}],"about":[{"href":"https:\/\/portal.kre.hu\/kresc\/wp-json\/wp\/v2\/types\/page"}],"author":[{"embeddable":true,"href":"https:\/\/portal.kre.hu\/kresc\/wp-json\/wp\/v2\/users\/1"}],"replies":[{"embeddable":true,"href":"https:\/\/portal.kre.hu\/kresc\/wp-json\/wp\/v2\/comments?post=632"}],"version-history":[{"count":4,"href":"https:\/\/portal.kre.hu\/kresc\/wp-json\/wp\/v2\/pages\/632\/revisions"}],"predecessor-version":[{"id":699,"href":"https:\/\/portal.kre.hu\/kresc\/wp-json\/wp\/v2\/pages\/632\/revisions\/699"}],"wp:attachment":[{"href":"https:\/\/portal.kre.hu\/kresc\/wp-json\/wp\/v2\/media?parent=632"}],"curies":[{"name":"wp","href":"https:\/\/api.w.org\/{rel}","templated":true}]}}